{"id":3,"date":"2023-12-08T16:24:00","date_gmt":"2023-12-08T15:24:00","guid":{"rendered":"http:\/\/boxeur-pro.fr\/?page_id=3"},"modified":"2025-01-25T21:24:29","modified_gmt":"2025-01-25T20:24:29","slug":"rechtliche-hinweise","status":"publish","type":"page","link":"https:\/\/boxeur-pro.fr\/de\/politique-de-confidentialite\/","title":{"rendered":"Rechtliche Hinweise"},"content":{"rendered":"<p>Gem\u00e4\u00df den Bestimmungen des Gesetzes Nr. 2004-575 vom 21. Juni 2004 \u00fcber das Vertrauen in die digitale Wirtschaft wird den Nutzern der Website BoxeurPro die Identit\u00e4t der verschiedenen Akteure im Rahmen der Erstellung und Betreuung der Website mitgeteilt.<\/p>\n\n\n\n<h2 class=\"gb-headline gb-headline-a109d136 gb-headline-text\"><strong>Bearbeiten der Seite\u00a0<\/strong><\/h2>\n\n\n\n<p>Die vorliegende Website, die unter der URL <a href=\"https:\/\/boxeur-pro.fr\/de\/\" data-lasso-id=\"5460\">https:\/\/boxeur-pro.fr<\/a> (die \"Seite\"), wird herausgegeben von :<br>DDIGITAL , Gesellschaft mit einem Kapital von 300 Euro, eingetragen im Handelsregister von NANTERRE unter der Nummer Nanterre B 909 520 884, mit Firmensitz in 41 rue Jean Bonal, 92250 La Garenne-Colombes, vertreten durch Dylan SCHREIER mit entsprechender Vollmacht.<br>Die individuelle Umsatzsteuernummer des Herausgebers lautet: FR00909520884.<\/p>\n\n\n\n<h2 class=\"gb-headline gb-headline-9f7a8178 gb-headline-text\"><strong>Unterkunft<\/strong><\/h2>\n\n\n\n<p>Die Website wird von der Hostinger International LTD mit Sitz in 61 Lordou Vironos Street, 6023 Larnaca, Zypern, gehostet, die auf folgendem Weg erreichbar ist:\u00a0<a href=\"https:\/\/www.hostinger.fr\/contact\" target=\"_blank\" rel=\"noopener\" data-lasso-id=\"5461\">https:\/\/www.hostinger.fr\/contact<\/a> (Telefon- oder E-Mail-Kontakt: https:\/\/www.hostinger.fr\/contact).<\/p>\n\n\n\n<h2 class=\"gb-headline gb-headline-a56c637c gb-headline-text\"><strong>Leiter der Ver\u00f6ffentlichung\u00a0<\/strong><\/h2>\n\n\n\n<p>Der Leiter der Ver\u00f6ffentlichung der Website ist Dylan SCHREIER .<\/p>\n\n\n\n<h2 class=\"gb-headline gb-headline-6beed3a1 gb-headline-text\"><strong>Kontaktieren Sie uns\u00a0<\/strong><\/h2>\n\n\n\n<p>Per E-Mail: hello@ddigital.fr<br>Per Post: DDIGITAL, 41 rue Jean Bonal, 92250 La Garenne-Colombes<\/p>\n\n\n\n<h2 class=\"gb-headline gb-headline-d6e6d6fc gb-headline-text\"><strong>Pers\u00f6nliche Daten<\/strong><\/h2>\n\n\n\n<p>Die Verarbeitung Ihrer personenbezogenen Daten unterliegt gem\u00e4\u00df der Allgemeinen Datenschutzverordnung 2016\/679 vom 27. April 2016 (\"DSGVO\") unserer Datenschutzrichtlinie, die im Abschnitt \"Datenschutzrichtlinie\" abrufbar ist.<\/p>\n\n\n\n<p>Generierung des Impressums durch <a href=\"https:\/\/www.legalstart.fr\/\" data-lasso-id=\"5462\">Legalstart<\/a>.<\/p>","protected":false},"excerpt":{"rendered":"<p>Conform\u00e9ment aux dispositions de la loi n\u00b0 2004-575 du 21 juin 2004 pour la confiance en l&rsquo;\u00e9conomie num\u00e9rique, il est pr\u00e9cis\u00e9 aux utilisateurs du site BoxeurPro l&rsquo;identit\u00e9 des diff\u00e9rents intervenants dans le cadre de sa r\u00e9alisation et de son suivi. Edition du site\u00a0 Le pr\u00e9sent site, accessible \u00e0 l\u2019URL https:\/\/boxeur-pro.fr &#8230; <a title=\"Rechtliche Hinweise\" class=\"read-more\" href=\"https:\/\/boxeur-pro.fr\/de\/politique-de-confidentialite\/\" aria-label=\"Mehr Informationen \u00fcber Mentions l\u00e9gales\">Weiterlesen &#8230;<\/a><\/p>","protected":false},"author":1,"featured_media":0,"parent":0,"menu_order":0,"comment_status":"closed","ping_status":"closed","template":"","meta":{"footnotes":""},"class_list":["post-3","page","type-page","status-publish"],"yoast_head":"<!-- This site is optimized with the Yoast SEO plugin v27.3 - https:\/\/yoast.com\/product\/yoast-seo-wordpress\/ -->\n<title>Mentions l\u00e9gales - Boxeur PRO<\/title>\n<meta name=\"description\" content=\"Rejoignez la communaut\u00e9 Boxeur-Pro pour tout savoir sur la boxe : tutoriels, fitness, psychologie du sport, actualit\u00e9s et bien plus.\" \/>\n<meta name=\"robots\" content=\"index, follow, max-snippet:-1, max-image-preview:large, max-video-preview:-1\" \/>\n<link rel=\"canonical\" href=\"https:\/\/boxeur-pro.fr\/de\/datenschutzrichtlinie\/\" \/>\n<meta property=\"og:locale\" content=\"de_DE\" \/>\n<meta property=\"og:type\" content=\"article\" \/>\n<meta property=\"og:title\" content=\"Mentions l\u00e9gales - Boxeur PRO\" \/>\n<meta property=\"og:description\" content=\"Rejoignez la communaut\u00e9 Boxeur-Pro pour tout savoir sur la boxe : tutoriels, fitness, psychologie du sport, actualit\u00e9s et bien plus.\" \/>\n<meta property=\"og:url\" content=\"https:\/\/boxeur-pro.fr\/de\/datenschutzrichtlinie\/\" \/>\n<meta property=\"og:site_name\" content=\"Boxeur PRO\" \/>\n<meta property=\"article:modified_time\" content=\"2025-01-25T20:24:29+00:00\" \/>\n<meta name=\"twitter:card\" content=\"summary_large_image\" \/>\n<meta name=\"twitter:label1\" content=\"Gesch\u00e4tzte Lesezeit\" \/>\n\t<meta name=\"twitter:data1\" content=\"2\u00a0Minuten\" \/>\n<script type=\"application\/ld+json\" class=\"yoast-schema-graph\">{\"@context\":\"https:\\\/\\\/schema.org\",\"@graph\":[{\"@type\":\"WebPage\",\"@id\":\"https:\\\/\\\/boxeur-pro.fr\\\/de\\\/politique-de-confidentialite\\\/\",\"url\":\"https:\\\/\\\/boxeur-pro.fr\\\/de\\\/politique-de-confidentialite\\\/\",\"name\":\"Mentions l\u00e9gales - Boxeur PRO\",\"isPartOf\":{\"@id\":\"https:\\\/\\\/boxeur-pro.fr\\\/de\\\/#website\"},\"datePublished\":\"2023-12-08T15:24:00+00:00\",\"dateModified\":\"2025-01-25T20:24:29+00:00\",\"description\":\"Rejoignez la communaut\u00e9 Boxeur-Pro pour tout savoir sur la boxe : tutoriels, fitness, psychologie du sport, actualit\u00e9s et bien plus.\",\"breadcrumb\":{\"@id\":\"https:\\\/\\\/boxeur-pro.fr\\\/de\\\/politique-de-confidentialite\\\/#breadcrumb\"},\"inLanguage\":\"de\",\"potentialAction\":[{\"@type\":\"ReadAction\",\"target\":[\"https:\\\/\\\/boxeur-pro.fr\\\/de\\\/politique-de-confidentialite\\\/\"]}]},{\"@type\":\"BreadcrumbList\",\"@id\":\"https:\\\/\\\/boxeur-pro.fr\\\/de\\\/politique-de-confidentialite\\\/#breadcrumb\",\"itemListElement\":[{\"@type\":\"ListItem\",\"position\":1,\"name\":\"Accueil\",\"item\":\"https:\\\/\\\/boxeur-pro.fr\\\/\"},{\"@type\":\"ListItem\",\"position\":2,\"name\":\"Mentions l\u00e9gales\"}]},{\"@type\":\"WebSite\",\"@id\":\"https:\\\/\\\/boxeur-pro.fr\\\/de\\\/#website\",\"url\":\"https:\\\/\\\/boxeur-pro.fr\\\/de\\\/\",\"name\":\"Boxeur PRO\",\"description\":\"\",\"publisher\":{\"@id\":\"https:\\\/\\\/boxeur-pro.fr\\\/de\\\/#organization\"},\"potentialAction\":[{\"@type\":\"SearchAction\",\"target\":{\"@type\":\"EntryPoint\",\"urlTemplate\":\"https:\\\/\\\/boxeur-pro.fr\\\/de\\\/?s={search_term_string}\"},\"query-input\":{\"@type\":\"PropertyValueSpecification\",\"valueRequired\":true,\"valueName\":\"search_term_string\"}}],\"inLanguage\":\"de\"},{\"@type\":\"Organization\",\"@id\":\"https:\\\/\\\/boxeur-pro.fr\\\/de\\\/#organization\",\"name\":\"Boxeur PRO\",\"url\":\"https:\\\/\\\/boxeur-pro.fr\\\/de\\\/\",\"logo\":{\"@type\":\"ImageObject\",\"inLanguage\":\"de\",\"@id\":\"https:\\\/\\\/boxeur-pro.fr\\\/de\\\/#\\\/schema\\\/logo\\\/image\\\/\",\"url\":\"https:\\\/\\\/boxeur-pro.fr\\\/wp-content\\\/uploads\\\/2024\\\/01\\\/LogoBoxeurProTransparent-1.png\",\"contentUrl\":\"https:\\\/\\\/boxeur-pro.fr\\\/wp-content\\\/uploads\\\/2024\\\/01\\\/LogoBoxeurProTransparent-1.png\",\"width\":709,\"height\":800,\"caption\":\"Boxeur PRO\"},\"image\":{\"@id\":\"https:\\\/\\\/boxeur-pro.fr\\\/de\\\/#\\\/schema\\\/logo\\\/image\\\/\"}}]}<\/script>\n<!-- \/ Yoast SEO plugin. -->","yoast_head_json":{"title":"Rechtliche Hinweise - Boxer PRO","description":"Treten Sie der Boxer-Pro-Community bei, um alles \u00fcber das Boxen zu erfahren: Tutorials, Fitness, Sportpsychologie, Nachrichten und vieles mehr.","robots":{"index":"index","follow":"follow","max-snippet":"max-snippet:-1","max-image-preview":"max-image-preview:large","max-video-preview":"max-video-preview:-1"},"canonical":"https:\/\/boxeur-pro.fr\/de\/datenschutzrichtlinie\/","og_locale":"de_DE","og_type":"article","og_title":"Mentions l\u00e9gales - Boxeur PRO","og_description":"Rejoignez la communaut\u00e9 Boxeur-Pro pour tout savoir sur la boxe : tutoriels, fitness, psychologie du sport, actualit\u00e9s et bien plus.","og_url":"https:\/\/boxeur-pro.fr\/de\/datenschutzrichtlinie\/","og_site_name":"Boxeur PRO","article_modified_time":"2025-01-25T20:24:29+00:00","twitter_card":"summary_large_image","twitter_misc":{"Gesch\u00e4tzte Lesezeit":"2\u00a0Minuten"},"schema":{"@context":"https:\/\/schema.org","@graph":[{"@type":"WebPage","@id":"https:\/\/boxeur-pro.fr\/de\/politique-de-confidentialite\/","url":"https:\/\/boxeur-pro.fr\/de\/politique-de-confidentialite\/","name":"Rechtliche Hinweise - Boxer PRO","isPartOf":{"@id":"https:\/\/boxeur-pro.fr\/de\/#website"},"datePublished":"2023-12-08T15:24:00+00:00","dateModified":"2025-01-25T20:24:29+00:00","description":"Treten Sie der Boxer-Pro-Community bei, um alles \u00fcber das Boxen zu erfahren: Tutorials, Fitness, Sportpsychologie, Nachrichten und vieles mehr.","breadcrumb":{"@id":"https:\/\/boxeur-pro.fr\/de\/politique-de-confidentialite\/#breadcrumb"},"inLanguage":"de","potentialAction":[{"@type":"ReadAction","target":["https:\/\/boxeur-pro.fr\/de\/politique-de-confidentialite\/"]}]},{"@type":"BreadcrumbList","@id":"https:\/\/boxeur-pro.fr\/de\/politique-de-confidentialite\/#breadcrumb","itemListElement":[{"@type":"ListItem","position":1,"name":"Accueil","item":"https:\/\/boxeur-pro.fr\/"},{"@type":"ListItem","position":2,"name":"Mentions l\u00e9gales"}]},{"@type":"WebSite","@id":"https:\/\/boxeur-pro.fr\/de\/#website","url":"https:\/\/boxeur-pro.fr\/de\/","name":"PRO-Boxer","description":"","publisher":{"@id":"https:\/\/boxeur-pro.fr\/de\/#organization"},"potentialAction":[{"@type":"SearchAction","target":{"@type":"EntryPoint","urlTemplate":"https:\/\/boxeur-pro.fr\/de\/?s={search_term_string}"},"query-input":{"@type":"PropertyValueSpecification","valueRequired":true,"valueName":"search_term_string"}}],"inLanguage":"de"},{"@type":"Organization","@id":"https:\/\/boxeur-pro.fr\/de\/#organization","name":"PRO-Boxer","url":"https:\/\/boxeur-pro.fr\/de\/","logo":{"@type":"ImageObject","inLanguage":"de","@id":"https:\/\/boxeur-pro.fr\/de\/#\/schema\/logo\/image\/","url":"https:\/\/boxeur-pro.fr\/wp-content\/uploads\/2024\/01\/LogoBoxeurProTransparent-1.png","contentUrl":"https:\/\/boxeur-pro.fr\/wp-content\/uploads\/2024\/01\/LogoBoxeurProTransparent-1.png","width":709,"height":800,"caption":"Boxeur PRO"},"image":{"@id":"https:\/\/boxeur-pro.fr\/de\/#\/schema\/logo\/image\/"}}]}},"_links":{"self":[{"href":"https:\/\/boxeur-pro.fr\/de\/wp-json\/wp\/v2\/pages\/3","targetHints":{"allow":["GET"]}}],"collection":[{"href":"https:\/\/boxeur-pro.fr\/de\/wp-json\/wp\/v2\/pages"}],"about":[{"href":"https:\/\/boxeur-pro.fr\/de\/wp-json\/wp\/v2\/types\/page"}],"author":[{"embeddable":true,"href":"https:\/\/boxeur-pro.fr\/de\/wp-json\/wp\/v2\/users\/1"}],"replies":[{"embeddable":true,"href":"https:\/\/boxeur-pro.fr\/de\/wp-json\/wp\/v2\/comments?post=3"}],"version-history":[{"count":8,"href":"https:\/\/boxeur-pro.fr\/de\/wp-json\/wp\/v2\/pages\/3\/revisions"}],"predecessor-version":[{"id":3360,"href":"https:\/\/boxeur-pro.fr\/de\/wp-json\/wp\/v2\/pages\/3\/revisions\/3360"}],"wp:attachment":[{"href":"https:\/\/boxeur-pro.fr\/de\/wp-json\/wp\/v2\/media?parent=3"}],"curies":[{"name":"wp","href":"https:\/\/api.w.org\/{rel}","templated":true}]}}