{"id":45,"date":"2022-03-28T19:29:05","date_gmt":"2022-03-28T18:29:05","guid":{"rendered":"https:\/\/workout.wordifysites.com\/?page_id=45"},"modified":"2024-01-22T10:57:46","modified_gmt":"2024-01-22T09:57:46","slug":"a-propos","status":"publish","type":"page","link":"https:\/\/boxeur-pro.fr\/de\/a-propos\/","title":{"rendered":"\u00dcber"},"content":{"rendered":"<section class=\"gb-container gb-container-1b08558f\">\n<div class=\"gb-container gb-container-314fd8e2\" style=\"background-image: url(https:\/\/boxeur-pro.fr\/wp-content\/uploads\/2022\/03\/risen-wang-20jX9b35r_M-unsplash-768x575.jpg);\"><\/div>\n\n<div class=\"gb-container gb-container-51361c10\">\n\n<h2 class=\"gb-headline gb-headline-efa10e8e icon-reversed\"><span class=\"gb-icon\"><svg viewbox=\"0 0 218.28 17.62\" xmlns=\"http:\/\/www.w3.org\/2000\/svg\" data-name=\"Capa 1\"><path d=\"M0 0h217.92v17.62H0z\"><\/path><\/svg><\/span><span class=\"gb-headline-text\">Willkommen in der Welt des Boxens<\/span><\/h2>\n\n\n\n<p class=\"gb-headline gb-headline-1b7eec37 gb-headline-text\">Die einzige Leidenschaft, die Sie brauchen<\/p>\n\n\n\n<p class=\"gb-headline gb-headline-31b0b9ce gb-headline-text\">Willkommen in der Welt des Boxsports! Eine Welt, in der Kraft, Disziplin und Strategie zusammenkommen, um einen spannenden und anspruchsvollen Sport zu erschaffen. Ob Sie Anf\u00e4nger oder erfahrener Boxer sind, Boxen bietet ein einzigartiges Abenteuer, das k\u00f6rperliche Intensit\u00e4t, geistige Entwicklung und pers\u00f6nliches Wachstum miteinander verbindet. Machen Sie sich bereit, die Macht Ihrer F\u00e4uste und die Widerstandsf\u00e4higkeit Ihres Geistes zu entdecken. Steigen Sie in den Ring und lassen Sie das Abenteuer beginnen!<\/p>\n\n\n\n<p>Das ist mein Boxerprofil: <\/p>\n\n\n<div class=\"gb-container gb-container-7eb44267\">\n\n<p class=\"gb-headline gb-headline-57c126fd gb-headline-text\">Technik<\/p>\n\n\n\n<p class=\"gb-headline gb-headline-a68d5a56 gb-headline-text\">85%<\/p>\n\n<\/div>\n\n<div class=\"gb-container gb-container-26fc4ce7\">\n<div class=\"gb-container gb-container-e6840047\"><\/div>\n\n<div class=\"gb-container gb-container-77e0a178\"><\/div>\n<\/div>\n\n<div class=\"gb-container gb-container-14dc3063\">\n\n<p class=\"gb-headline gb-headline-c5548d93 gb-headline-text\">Muskelaufbau<\/p>\n\n\n\n<p class=\"gb-headline gb-headline-a0e9e4ea gb-headline-text\">90%<\/p>\n\n<\/div>\n\n<div class=\"gb-container gb-container-9013a9c6\">\n<div class=\"gb-container gb-container-79cfc3c3\"><\/div>\n\n<div class=\"gb-container gb-container-de470a6a\"><\/div>\n<\/div>\n\n<div class=\"gb-container gb-container-9e304592\">\n\n<p class=\"gb-headline gb-headline-14773aa2 gb-headline-text\">ERFAHRUNG<\/p>\n\n\n\n<p class=\"gb-headline gb-headline-73964e05 gb-headline-text\">95%<\/p>\n\n<\/div>\n\n<div class=\"gb-container gb-container-72e91cb5\">\n<div class=\"gb-container gb-container-daab9481\"><\/div>\n\n<div class=\"gb-container gb-container-a7c7e857\"><\/div>\n<\/div>\n\n\n<a class=\"gb-button gb-button-ca3b35ea\" href=\"https:\/\/boxeur-pro.fr\/de\/blog\/\" data-lasso-id=\"9\"><span class=\"gb-button-text\">mehr erfahren<\/span><span class=\"gb-icon\"><svg viewbox=\"0 0 247 165\" xmlns=\"http:\/\/www.w3.org\/2000\/svg\" data-name=\"Capa 1\"><path d=\"M33 0H0l66 82-66 83h33l66-83L33 0z\"><\/path><path d=\"M83 0H50l66 82-66 83h33l66-83L83 0z\"><\/path><path d=\"M181 0H99l66 82-66 83h82l66-83-66-82z\"><\/path><\/svg><\/span><\/a>\n\n<\/div>\n<\/section>\n\n<section class=\"gb-container gb-container-a68f7ee7\"><\/section>\n\n<section class=\"gb-container gb-container-72aaaf6c\"><\/section>\n\n<div class=\"gb-container gb-container-3a727908\">\n<div class=\"gb-container gb-container-82db11ce\">\n\n<h2 class=\"gb-headline gb-headline-53316e61\"><span class=\"gb-icon\"><svg viewbox=\"0 0 218.28 17.62\" xmlns=\"http:\/\/www.w3.org\/2000\/svg\" data-name=\"Capa 1\"><path d=\"M0 0h217.92v17.62H0z\"><\/path><\/svg><\/span><span class=\"gb-headline-text\">Wer wir sind<\/span><\/h2>\n\n\n\n<p class=\"gb-headline gb-headline-9c28ba2a gb-headline-text\">Was wir anbieten<\/p>\n\n\n\n<p>Willkommen bei Boxer-Pro, Ihrem ultimativen Ziel f\u00fcr alles, was mit Boxen zu tun hat, zugeschnitten auf Boxbegeisterte aller Niveaus. Wir sind stolz darauf, Ihnen einen reichhaltigen und abwechslungsreichen Blog zu pr\u00e4sentieren, der f\u00fcr Boxer und Liebhaber dieses aufregenden Sports konzipiert wurde. Hier ist ein \u00dcberblick \u00fcber das, was Sie auf unserer Plattform finden werden :<\/p>\n\n\n\n<p><strong>1. Tutorials und Techniken :<\/strong> Wir bieten eine Vielzahl detaillierter Tutorials, Videos und Artikel, die von grundlegenden Techniken bis hin zu fortgeschrittenen Strategien reichen. Ob Sie als Anf\u00e4nger lernen, wie man eine Jab richtig wirft, oder als Profi Ihren Uppercut perfektionieren wollen, unsere Ressourcen sind f\u00fcr alle Niveaus geeignet.<\/p>\n\n\n\n<p><strong>2. Tipps zur k\u00f6rperlichen Ert\u00fcchtigung :<\/strong> Beim Boxen geht es genauso sehr um k\u00f6rperliche Fitness wie um technisches K\u00f6nnen. In unserem Blog finden Sie individuelle Trainingspl\u00e4ne, Ern\u00e4hrungstipps, Muskelaufbauroutinen und Erholungsstrategien, um Ihre Leistung zu maximieren.<\/p>\n\n\n\n<p><strong>3. Ausr\u00fcstung und Hinweise :<\/strong> Entdecken Sie unsere umfassenden Leitf\u00e4den und unvoreingenommenen Rezensionen zur Boxausr\u00fcstung - von Handschuhen und Protektoren bis hin zu Boxs\u00e4cken. <a href=\"https:\/\/boxeur-pro.fr\/de\/boxe\/meilleur-sac-de-frappe-boxe\/\">Schlag<\/a> und Boxschuhe zu kaufen. Wir helfen Ihnen bei der Auswahl der besten Ausr\u00fcstung, die Ihren Bed\u00fcrfnissen und Ihrem Budget entspricht.<\/p>\n\n\n\n<p><strong>4. Psychologie und Strategie :<\/strong> Boxen ist auch ein mentales Spiel. Wir erforschen die psychologischen Aspekte des Sports und bieten Tipps zur Stressbew\u00e4ltigung, zur mentalen Vorbereitung vor einem Kampf und Techniken, um unter Druck konzentriert und selbstbewusst zu bleiben.<\/p>\n\n\n\n<p><strong>5. Interviews und Profile :<\/strong> Tauchen Sie mithilfe von Interviews und detaillierten Profilen in die inspirierenden Geschichten von Profi- und Amateurboxern ein. Erfahren Sie mehr \u00fcber ihren Werdegang, ihre Herausforderungen und was sie dazu motiviert, in den Ring zu steigen.<\/p>\n\n\n\n<p><strong>6. Nachrichten und Veranstaltungen :<\/strong> Bleiben Sie auf dem Laufenden mit den neuesten Nachrichten aus der Welt des Boxsports, einschlie\u00dflich Kampfank\u00fcndigungen, Ergebnissen und Analysen wichtiger Ereignisse. Verpassen Sie keinen Schl\u00fcsselmoment in diesem dynamischen Sport.<\/p>\n\n\n\n<p><strong>7. Gemeinschaft und Interaktion :<\/strong> Boxer-Pro ist nicht nur eine Informationsquelle, sondern auch eine Gemeinschaft. Beteiligen Sie sich an unseren Diskussionsforen, teilen Sie Ihre Erfahrungen, stellen Sie Fragen und vernetzen Sie sich mit anderen Boxbegeisterten aus der ganzen Welt.<\/p>\n\n\n\n<p><strong>8. Abschnitt f\u00fcr <a href=\"https:\/\/boxeur-pro.fr\/de\/boxe\/mike-tyson-enfants\/\">Kinder<\/a> und Jugendliche :<\/strong> Wir f\u00f6rdern junge Talente, indem wir spezielle Ressourcen f\u00fcr angehende Boxer anbieten, darunter Trainingsberatung, Sicherheitstechniken und Strategien, um den Sport mit dem Studium in Einklang zu bringen.<\/p>\n\n\n\n<p><strong>9. Gesundheit und Sicherheit :<\/strong> Sicherheit ist beim Boxen von gr\u00f6\u00dfter Bedeutung. Unser Blog konzentriert sich auf bew\u00e4hrte Methoden zur Vermeidung von Verletzungen, Erste-Hilfe-Ma\u00dfnahmen im Ernstfall und Pr\u00e4ventionsmethoden.<\/p>\n\n\n\n<a class=\"gb-button gb-button-85a81b19\" href=\"https:\/\/boxeur-pro.fr\/de\/blog\/\" data-lasso-id=\"10\"><span class=\"gb-button-text\">news<\/span><span class=\"gb-icon\"><svg viewbox=\"0 0 247 165\" xmlns=\"http:\/\/www.w3.org\/2000\/svg\" data-name=\"Capa 1\"><path d=\"M33 0H0l66 82-66 83h33l66-83L33 0z\"><\/path><path d=\"M83 0H50l66 82-66 83h33l66-83L83 0z\"><\/path><path d=\"M181 0H99l66 82-66 83h82l66-83-66-82z\"><\/path><\/svg><\/span><\/a>\n\n<\/div>\n<\/div>","protected":false},"excerpt":{"rendered":"<p>Bienvenue dans le monde de la boxe La seule passion dont vous aurez besoin Bienvenue dans le monde de la boxe ! Un univers o\u00f9 force, discipline et strat\u00e9gie se rencontrent pour cr\u00e9er un sport passionnant et exigeant. Que vous soyez d\u00e9butant ou exp\u00e9riment\u00e9, la boxe offre une aventure unique, &#8230; <a title=\"\u00dcber\" class=\"read-more\" href=\"https:\/\/boxeur-pro.fr\/de\/a-propos\/\" aria-label=\"Mehr Informationen \u00fcber \u00c0 propos\">Weiterlesen &#8230;<\/a><\/p>","protected":false},"author":2,"featured_media":0,"parent":0,"menu_order":0,"comment_status":"closed","ping_status":"closed","template":"","meta":{"footnotes":""},"class_list":["post-45","page","type-page","status-publish"],"yoast_head":"<!-- This site is optimized with the Yoast SEO plugin v27.4 - https:\/\/yoast.com\/product\/yoast-seo-wordpress\/ -->\n<title>\u00c0 propos - Boxeur PRO<\/title>\n<meta name=\"description\" content=\"D\u00e9couvrez le monde passionnant de la boxe sur notre blog - des techniques de base aux strat\u00e9gies avanc\u00e9es, conseils d&#039;entra\u00eenement\" \/>\n<meta name=\"robots\" content=\"index, follow, max-snippet:-1, max-image-preview:large, max-video-preview:-1\" \/>\n<link rel=\"canonical\" href=\"https:\/\/boxeur-pro.fr\/de\/a-propos\/\" \/>\n<meta property=\"og:locale\" content=\"de_DE\" \/>\n<meta property=\"og:type\" content=\"article\" \/>\n<meta property=\"og:title\" content=\"\u00c0 propos - Boxeur PRO\" \/>\n<meta property=\"og:description\" content=\"D\u00e9couvrez le monde passionnant de la boxe sur notre blog - des techniques de base aux strat\u00e9gies avanc\u00e9es, conseils d&#039;entra\u00eenement\" \/>\n<meta property=\"og:url\" content=\"https:\/\/boxeur-pro.fr\/de\/a-propos\/\" \/>\n<meta property=\"og:site_name\" content=\"Boxeur PRO\" \/>\n<meta property=\"article:modified_time\" content=\"2024-01-22T09:57:46+00:00\" \/>\n<meta name=\"twitter:card\" content=\"summary_large_image\" \/>\n<meta name=\"twitter:label1\" content=\"Gesch\u00e4tzte Lesezeit\" \/>\n\t<meta name=\"twitter:data1\" content=\"3\u00a0Minuten\" \/>\n<script type=\"application\/ld+json\" class=\"yoast-schema-graph\">{\"@context\":\"https:\\\/\\\/schema.org\",\"@graph\":[{\"@type\":\"WebPage\",\"@id\":\"https:\\\/\\\/boxeur-pro.fr\\\/de\\\/a-propos\\\/\",\"url\":\"https:\\\/\\\/boxeur-pro.fr\\\/de\\\/a-propos\\\/\",\"name\":\"\u00c0 propos - Boxeur PRO\",\"isPartOf\":{\"@id\":\"https:\\\/\\\/boxeur-pro.fr\\\/de\\\/#website\"},\"datePublished\":\"2022-03-28T18:29:05+00:00\",\"dateModified\":\"2024-01-22T09:57:46+00:00\",\"description\":\"D\u00e9couvrez le monde passionnant de la boxe sur notre blog - des techniques de base aux strat\u00e9gies avanc\u00e9es, conseils d'entra\u00eenement\",\"breadcrumb\":{\"@id\":\"https:\\\/\\\/boxeur-pro.fr\\\/de\\\/a-propos\\\/#breadcrumb\"},\"inLanguage\":\"de\",\"potentialAction\":[{\"@type\":\"ReadAction\",\"target\":[\"https:\\\/\\\/boxeur-pro.fr\\\/de\\\/a-propos\\\/\"]}]},{\"@type\":\"BreadcrumbList\",\"@id\":\"https:\\\/\\\/boxeur-pro.fr\\\/de\\\/a-propos\\\/#breadcrumb\",\"itemListElement\":[{\"@type\":\"ListItem\",\"position\":1,\"name\":\"Accueil\",\"item\":\"https:\\\/\\\/boxeur-pro.fr\\\/\"},{\"@type\":\"ListItem\",\"position\":2,\"name\":\"\u00c0 propos\"}]},{\"@type\":\"WebSite\",\"@id\":\"https:\\\/\\\/boxeur-pro.fr\\\/de\\\/#website\",\"url\":\"https:\\\/\\\/boxeur-pro.fr\\\/de\\\/\",\"name\":\"Boxeur PRO\",\"description\":\"\",\"publisher\":{\"@id\":\"https:\\\/\\\/boxeur-pro.fr\\\/de\\\/#organization\"},\"potentialAction\":[{\"@type\":\"SearchAction\",\"target\":{\"@type\":\"EntryPoint\",\"urlTemplate\":\"https:\\\/\\\/boxeur-pro.fr\\\/de\\\/?s={search_term_string}\"},\"query-input\":{\"@type\":\"PropertyValueSpecification\",\"valueRequired\":true,\"valueName\":\"search_term_string\"}}],\"inLanguage\":\"de\"},{\"@type\":\"Organization\",\"@id\":\"https:\\\/\\\/boxeur-pro.fr\\\/de\\\/#organization\",\"name\":\"Boxeur PRO\",\"url\":\"https:\\\/\\\/boxeur-pro.fr\\\/de\\\/\",\"logo\":{\"@type\":\"ImageObject\",\"inLanguage\":\"de\",\"@id\":\"https:\\\/\\\/boxeur-pro.fr\\\/de\\\/#\\\/schema\\\/logo\\\/image\\\/\",\"url\":\"https:\\\/\\\/boxeur-pro.fr\\\/wp-content\\\/uploads\\\/2024\\\/01\\\/LogoBoxeurProTransparent-1.png\",\"contentUrl\":\"https:\\\/\\\/boxeur-pro.fr\\\/wp-content\\\/uploads\\\/2024\\\/01\\\/LogoBoxeurProTransparent-1.png\",\"width\":709,\"height\":800,\"caption\":\"Boxeur PRO\"},\"image\":{\"@id\":\"https:\\\/\\\/boxeur-pro.fr\\\/de\\\/#\\\/schema\\\/logo\\\/image\\\/\"}}]}<\/script>\n<!-- \/ Yoast SEO plugin. -->","yoast_head_json":{"title":"\u00dcber uns - Boxer PRO","description":"Entdecken Sie in unserem Blog die spannende Welt des Boxens - von grundlegenden Techniken bis hin zu fortgeschrittenen Strategien, Trainingstipps","robots":{"index":"index","follow":"follow","max-snippet":"max-snippet:-1","max-image-preview":"max-image-preview:large","max-video-preview":"max-video-preview:-1"},"canonical":"https:\/\/boxeur-pro.fr\/de\/a-propos\/","og_locale":"de_DE","og_type":"article","og_title":"\u00c0 propos - Boxeur PRO","og_description":"D\u00e9couvrez le monde passionnant de la boxe sur notre blog - des techniques de base aux strat\u00e9gies avanc\u00e9es, conseils d'entra\u00eenement","og_url":"https:\/\/boxeur-pro.fr\/de\/a-propos\/","og_site_name":"Boxeur PRO","article_modified_time":"2024-01-22T09:57:46+00:00","twitter_card":"summary_large_image","twitter_misc":{"Gesch\u00e4tzte Lesezeit":"3\u00a0Minuten"},"schema":{"@context":"https:\/\/schema.org","@graph":[{"@type":"WebPage","@id":"https:\/\/boxeur-pro.fr\/de\/a-propos\/","url":"https:\/\/boxeur-pro.fr\/de\/a-propos\/","name":"\u00dcber uns - Boxer PRO","isPartOf":{"@id":"https:\/\/boxeur-pro.fr\/de\/#website"},"datePublished":"2022-03-28T18:29:05+00:00","dateModified":"2024-01-22T09:57:46+00:00","description":"Entdecken Sie in unserem Blog die spannende Welt des Boxens - von grundlegenden Techniken bis hin zu fortgeschrittenen Strategien, Trainingstipps","breadcrumb":{"@id":"https:\/\/boxeur-pro.fr\/de\/a-propos\/#breadcrumb"},"inLanguage":"de","potentialAction":[{"@type":"ReadAction","target":["https:\/\/boxeur-pro.fr\/de\/a-propos\/"]}]},{"@type":"BreadcrumbList","@id":"https:\/\/boxeur-pro.fr\/de\/a-propos\/#breadcrumb","itemListElement":[{"@type":"ListItem","position":1,"name":"Accueil","item":"https:\/\/boxeur-pro.fr\/"},{"@type":"ListItem","position":2,"name":"\u00c0 propos"}]},{"@type":"WebSite","@id":"https:\/\/boxeur-pro.fr\/de\/#website","url":"https:\/\/boxeur-pro.fr\/de\/","name":"PRO-Boxer","description":"","publisher":{"@id":"https:\/\/boxeur-pro.fr\/de\/#organization"},"potentialAction":[{"@type":"SearchAction","target":{"@type":"EntryPoint","urlTemplate":"https:\/\/boxeur-pro.fr\/de\/?s={search_term_string}"},"query-input":{"@type":"PropertyValueSpecification","valueRequired":true,"valueName":"search_term_string"}}],"inLanguage":"de"},{"@type":"Organization","@id":"https:\/\/boxeur-pro.fr\/de\/#organization","name":"PRO-Boxer","url":"https:\/\/boxeur-pro.fr\/de\/","logo":{"@type":"ImageObject","inLanguage":"de","@id":"https:\/\/boxeur-pro.fr\/de\/#\/schema\/logo\/image\/","url":"https:\/\/boxeur-pro.fr\/wp-content\/uploads\/2024\/01\/LogoBoxeurProTransparent-1.png","contentUrl":"https:\/\/boxeur-pro.fr\/wp-content\/uploads\/2024\/01\/LogoBoxeurProTransparent-1.png","width":709,"height":800,"caption":"Boxeur PRO"},"image":{"@id":"https:\/\/boxeur-pro.fr\/de\/#\/schema\/logo\/image\/"}}]}},"_links":{"self":[{"href":"https:\/\/boxeur-pro.fr\/de\/wp-json\/wp\/v2\/pages\/45","targetHints":{"allow":["GET"]}}],"collection":[{"href":"https:\/\/boxeur-pro.fr\/de\/wp-json\/wp\/v2\/pages"}],"about":[{"href":"https:\/\/boxeur-pro.fr\/de\/wp-json\/wp\/v2\/types\/page"}],"author":[{"embeddable":true,"href":"https:\/\/boxeur-pro.fr\/de\/wp-json\/wp\/v2\/users\/2"}],"replies":[{"embeddable":true,"href":"https:\/\/boxeur-pro.fr\/de\/wp-json\/wp\/v2\/comments?post=45"}],"version-history":[{"count":7,"href":"https:\/\/boxeur-pro.fr\/de\/wp-json\/wp\/v2\/pages\/45\/revisions"}],"predecessor-version":[{"id":1226,"href":"https:\/\/boxeur-pro.fr\/de\/wp-json\/wp\/v2\/pages\/45\/revisions\/1226"}],"wp:attachment":[{"href":"https:\/\/boxeur-pro.fr\/de\/wp-json\/wp\/v2\/media?parent=45"}],"curies":[{"name":"wp","href":"https:\/\/api.w.org\/{rel}","templated":true}]}}