{"id":3,"date":"2023-12-08T16:24:00","date_gmt":"2023-12-08T15:24:00","guid":{"rendered":"http:\/\/boxeur-pro.fr\/?page_id=3"},"modified":"2025-01-25T21:24:29","modified_gmt":"2025-01-25T20:24:29","slug":"legal-information","status":"publish","type":"page","link":"https:\/\/boxeur-pro.fr\/en\/politique-de-confidentialite\/","title":{"rendered":"Legal information"},"content":{"rendered":"<p>In accordance with the provisions of Law No. 2004-575 of 21 June 2004 on confidence in the digital economy, users of the BoxeurPro website are informed of the identity of the various parties involved in its creation and monitoring.<\/p>\n\n\n\n<h2 class=\"gb-headline gb-headline-a109d136 gb-headline-text\"><strong>Site editing\u00a0<\/strong><\/h2>\n\n\n\n<p>This site, accessible at URL <a href=\"https:\/\/boxeur-pro.fr\/en\/\" data-lasso-id=\"5460\">https:\/\/boxeur-pro.fr<\/a> (the \"Site\"), is published by :<br>DDIGITAL , a company with share capital of 300 euros, registered with the Nanterre Trade and Companies Register under number Nanterre B 909 520 884, whose registered office is located at 41 rue Jean Bonal, 92250 La Garenne-Colombes, represented by Dylan SCHREIER, duly authorised.<br>The publisher's individual VAT number is: FR00909520884.<\/p>\n\n\n\n<h2 class=\"gb-headline gb-headline-9f7a8178 gb-headline-text\"><strong>Hosting<\/strong><\/h2>\n\n\n\n<p>The Site is hosted by Hostinger International LTD, whose registered office is at 61 Lordou Vironos Street, 6023 Larnaca, Cyprus, and which can be contacted as follows:\u00a0<a href=\"https:\/\/www.hostinger.fr\/contact\" target=\"_blank\" rel=\"noopener\" data-lasso-id=\"5461\">https:\/\/www.hostinger.fr\/contact<\/a> (contact by phone or email: https:\/\/www.hostinger.fr\/contact).<\/p>\n\n\n\n<h2 class=\"gb-headline gb-headline-a56c637c gb-headline-text\"><strong>Director of publication\u00a0<\/strong><\/h2>\n\n\n\n<p>The Site's Publication Director is Dylan SCHREIER .<\/p>\n\n\n\n<h2 class=\"gb-headline gb-headline-6beed3a1 gb-headline-text\"><strong>Contact us\u00a0<\/strong><\/h2>\n\n\n\n<p>By email: hello@ddigital.fr<br>By post: DDIGITAL, 41 rue Jean Bonal, 92250 La Garenne-Colombes, France<\/p>\n\n\n\n<h2 class=\"gb-headline gb-headline-d6e6d6fc gb-headline-text\"><strong>Personal data<\/strong><\/h2>\n\n\n\n<p>The processing of your personal data is governed by our Privacy Charter, available from the \"Personal Data Protection Charter\" section, in accordance with the General Data Protection Regulation 2016\/679 of 27 April 2016 (\"GDPR\").<\/p>\n\n\n\n<p>Generation of legal notices by <a href=\"https:\/\/www.legalstart.fr\/\" data-lasso-id=\"5462\">Legalstart<\/a>.<\/p>","protected":false},"excerpt":{"rendered":"<p>Conform\u00e9ment aux dispositions de la loi n\u00b0 2004-575 du 21 juin 2004 pour la confiance en l&rsquo;\u00e9conomie num\u00e9rique, il est pr\u00e9cis\u00e9 aux utilisateurs du site BoxeurPro l&rsquo;identit\u00e9 des diff\u00e9rents intervenants dans le cadre de sa r\u00e9alisation et de son suivi. Edition du site\u00a0 Le pr\u00e9sent site, accessible \u00e0 l\u2019URL https:\/\/boxeur-pro.fr &#8230; <a title=\"Legal information\" class=\"read-more\" href=\"https:\/\/boxeur-pro.fr\/en\/politique-de-confidentialite\/\" aria-label=\"Read more about Mentions l\u00e9gales\">Read more<\/a><\/p>","protected":false},"author":1,"featured_media":0,"parent":0,"menu_order":0,"comment_status":"closed","ping_status":"closed","template":"","meta":{"footnotes":""},"class_list":["post-3","page","type-page","status-publish"],"yoast_head":"<!-- This site is optimized with the Yoast SEO plugin v27.4 - https:\/\/yoast.com\/product\/yoast-seo-wordpress\/ -->\n<title>Mentions l\u00e9gales - Boxeur PRO<\/title>\n<meta name=\"description\" content=\"Rejoignez la communaut\u00e9 Boxeur-Pro pour tout savoir sur la boxe : tutoriels, fitness, psychologie du sport, actualit\u00e9s et bien plus.\" \/>\n<meta name=\"robots\" content=\"index, follow, max-snippet:-1, max-image-preview:large, max-video-preview:-1\" \/>\n<link rel=\"canonical\" href=\"https:\/\/boxeur-pro.fr\/en\/privacy-policy\/\" \/>\n<meta property=\"og:locale\" content=\"en_GB\" \/>\n<meta property=\"og:type\" content=\"article\" \/>\n<meta property=\"og:title\" content=\"Mentions l\u00e9gales - Boxeur PRO\" \/>\n<meta property=\"og:description\" content=\"Rejoignez la communaut\u00e9 Boxeur-Pro pour tout savoir sur la boxe : tutoriels, fitness, psychologie du sport, actualit\u00e9s et bien plus.\" \/>\n<meta property=\"og:url\" content=\"https:\/\/boxeur-pro.fr\/en\/privacy-policy\/\" \/>\n<meta property=\"og:site_name\" content=\"Boxeur PRO\" \/>\n<meta property=\"article:modified_time\" content=\"2025-01-25T20:24:29+00:00\" \/>\n<meta name=\"twitter:card\" content=\"summary_large_image\" \/>\n<meta name=\"twitter:label1\" content=\"Estimated reading time\" \/>\n\t<meta name=\"twitter:data1\" content=\"2 minutes\" \/>\n<script type=\"application\/ld+json\" class=\"yoast-schema-graph\">{\"@context\":\"https:\\\/\\\/schema.org\",\"@graph\":[{\"@type\":\"WebPage\",\"@id\":\"https:\\\/\\\/boxeur-pro.fr\\\/en\\\/politique-de-confidentialite\\\/\",\"url\":\"https:\\\/\\\/boxeur-pro.fr\\\/en\\\/politique-de-confidentialite\\\/\",\"name\":\"Mentions l\u00e9gales - Boxeur PRO\",\"isPartOf\":{\"@id\":\"https:\\\/\\\/boxeur-pro.fr\\\/en\\\/#website\"},\"datePublished\":\"2023-12-08T15:24:00+00:00\",\"dateModified\":\"2025-01-25T20:24:29+00:00\",\"description\":\"Rejoignez la communaut\u00e9 Boxeur-Pro pour tout savoir sur la boxe : tutoriels, fitness, psychologie du sport, actualit\u00e9s et bien plus.\",\"breadcrumb\":{\"@id\":\"https:\\\/\\\/boxeur-pro.fr\\\/en\\\/politique-de-confidentialite\\\/#breadcrumb\"},\"inLanguage\":\"en-GB\",\"potentialAction\":[{\"@type\":\"ReadAction\",\"target\":[\"https:\\\/\\\/boxeur-pro.fr\\\/en\\\/politique-de-confidentialite\\\/\"]}]},{\"@type\":\"BreadcrumbList\",\"@id\":\"https:\\\/\\\/boxeur-pro.fr\\\/en\\\/politique-de-confidentialite\\\/#breadcrumb\",\"itemListElement\":[{\"@type\":\"ListItem\",\"position\":1,\"name\":\"Accueil\",\"item\":\"https:\\\/\\\/boxeur-pro.fr\\\/\"},{\"@type\":\"ListItem\",\"position\":2,\"name\":\"Mentions l\u00e9gales\"}]},{\"@type\":\"WebSite\",\"@id\":\"https:\\\/\\\/boxeur-pro.fr\\\/en\\\/#website\",\"url\":\"https:\\\/\\\/boxeur-pro.fr\\\/en\\\/\",\"name\":\"Boxeur PRO\",\"description\":\"\",\"publisher\":{\"@id\":\"https:\\\/\\\/boxeur-pro.fr\\\/en\\\/#organization\"},\"potentialAction\":[{\"@type\":\"SearchAction\",\"target\":{\"@type\":\"EntryPoint\",\"urlTemplate\":\"https:\\\/\\\/boxeur-pro.fr\\\/en\\\/?s={search_term_string}\"},\"query-input\":{\"@type\":\"PropertyValueSpecification\",\"valueRequired\":true,\"valueName\":\"search_term_string\"}}],\"inLanguage\":\"en-GB\"},{\"@type\":\"Organization\",\"@id\":\"https:\\\/\\\/boxeur-pro.fr\\\/en\\\/#organization\",\"name\":\"Boxeur PRO\",\"url\":\"https:\\\/\\\/boxeur-pro.fr\\\/en\\\/\",\"logo\":{\"@type\":\"ImageObject\",\"inLanguage\":\"en-GB\",\"@id\":\"https:\\\/\\\/boxeur-pro.fr\\\/en\\\/#\\\/schema\\\/logo\\\/image\\\/\",\"url\":\"https:\\\/\\\/boxeur-pro.fr\\\/wp-content\\\/uploads\\\/2024\\\/01\\\/LogoBoxeurProTransparent-1.png\",\"contentUrl\":\"https:\\\/\\\/boxeur-pro.fr\\\/wp-content\\\/uploads\\\/2024\\\/01\\\/LogoBoxeurProTransparent-1.png\",\"width\":709,\"height\":800,\"caption\":\"Boxeur PRO\"},\"image\":{\"@id\":\"https:\\\/\\\/boxeur-pro.fr\\\/en\\\/#\\\/schema\\\/logo\\\/image\\\/\"}}]}<\/script>\n<!-- \/ Yoast SEO plugin. -->","yoast_head_json":{"title":"Legal information - Boxeur PRO","description":"Join the Boxeur-Pro community to find out all about boxing: tutorials, fitness, sports psychology, news and much more.","robots":{"index":"index","follow":"follow","max-snippet":"max-snippet:-1","max-image-preview":"max-image-preview:large","max-video-preview":"max-video-preview:-1"},"canonical":"https:\/\/boxeur-pro.fr\/en\/privacy-policy\/","og_locale":"en_GB","og_type":"article","og_title":"Mentions l\u00e9gales - Boxeur PRO","og_description":"Rejoignez la communaut\u00e9 Boxeur-Pro pour tout savoir sur la boxe : tutoriels, fitness, psychologie du sport, actualit\u00e9s et bien plus.","og_url":"https:\/\/boxeur-pro.fr\/en\/privacy-policy\/","og_site_name":"Boxeur PRO","article_modified_time":"2025-01-25T20:24:29+00:00","twitter_card":"summary_large_image","twitter_misc":{"Estimated reading time":"2 minutes"},"schema":{"@context":"https:\/\/schema.org","@graph":[{"@type":"WebPage","@id":"https:\/\/boxeur-pro.fr\/en\/politique-de-confidentialite\/","url":"https:\/\/boxeur-pro.fr\/en\/politique-de-confidentialite\/","name":"Legal information - Boxeur PRO","isPartOf":{"@id":"https:\/\/boxeur-pro.fr\/en\/#website"},"datePublished":"2023-12-08T15:24:00+00:00","dateModified":"2025-01-25T20:24:29+00:00","description":"Join the Boxeur-Pro community to find out all about boxing: tutorials, fitness, sports psychology, news and much more.","breadcrumb":{"@id":"https:\/\/boxeur-pro.fr\/en\/politique-de-confidentialite\/#breadcrumb"},"inLanguage":"en-GB","potentialAction":[{"@type":"ReadAction","target":["https:\/\/boxeur-pro.fr\/en\/politique-de-confidentialite\/"]}]},{"@type":"BreadcrumbList","@id":"https:\/\/boxeur-pro.fr\/en\/politique-de-confidentialite\/#breadcrumb","itemListElement":[{"@type":"ListItem","position":1,"name":"Accueil","item":"https:\/\/boxeur-pro.fr\/"},{"@type":"ListItem","position":2,"name":"Mentions l\u00e9gales"}]},{"@type":"WebSite","@id":"https:\/\/boxeur-pro.fr\/en\/#website","url":"https:\/\/boxeur-pro.fr\/en\/","name":"PRO Boxer","description":"","publisher":{"@id":"https:\/\/boxeur-pro.fr\/en\/#organization"},"potentialAction":[{"@type":"SearchAction","target":{"@type":"EntryPoint","urlTemplate":"https:\/\/boxeur-pro.fr\/en\/?s={search_term_string}"},"query-input":{"@type":"PropertyValueSpecification","valueRequired":true,"valueName":"search_term_string"}}],"inLanguage":"en-GB"},{"@type":"Organization","@id":"https:\/\/boxeur-pro.fr\/en\/#organization","name":"PRO Boxer","url":"https:\/\/boxeur-pro.fr\/en\/","logo":{"@type":"ImageObject","inLanguage":"en-GB","@id":"https:\/\/boxeur-pro.fr\/en\/#\/schema\/logo\/image\/","url":"https:\/\/boxeur-pro.fr\/wp-content\/uploads\/2024\/01\/LogoBoxeurProTransparent-1.png","contentUrl":"https:\/\/boxeur-pro.fr\/wp-content\/uploads\/2024\/01\/LogoBoxeurProTransparent-1.png","width":709,"height":800,"caption":"Boxeur PRO"},"image":{"@id":"https:\/\/boxeur-pro.fr\/en\/#\/schema\/logo\/image\/"}}]}},"_links":{"self":[{"href":"https:\/\/boxeur-pro.fr\/en\/wp-json\/wp\/v2\/pages\/3","targetHints":{"allow":["GET"]}}],"collection":[{"href":"https:\/\/boxeur-pro.fr\/en\/wp-json\/wp\/v2\/pages"}],"about":[{"href":"https:\/\/boxeur-pro.fr\/en\/wp-json\/wp\/v2\/types\/page"}],"author":[{"embeddable":true,"href":"https:\/\/boxeur-pro.fr\/en\/wp-json\/wp\/v2\/users\/1"}],"replies":[{"embeddable":true,"href":"https:\/\/boxeur-pro.fr\/en\/wp-json\/wp\/v2\/comments?post=3"}],"version-history":[{"count":8,"href":"https:\/\/boxeur-pro.fr\/en\/wp-json\/wp\/v2\/pages\/3\/revisions"}],"predecessor-version":[{"id":3360,"href":"https:\/\/boxeur-pro.fr\/en\/wp-json\/wp\/v2\/pages\/3\/revisions\/3360"}],"wp:attachment":[{"href":"https:\/\/boxeur-pro.fr\/en\/wp-json\/wp\/v2\/media?parent=3"}],"curies":[{"name":"wp","href":"https:\/\/api.w.org\/{rel}","templated":true}]}}