{"id":3,"date":"2023-12-08T16:24:00","date_gmt":"2023-12-08T15:24:00","guid":{"rendered":"http:\/\/boxeur-pro.fr\/?page_id=3"},"modified":"2025-01-25T21:24:29","modified_gmt":"2025-01-25T20:24:29","slug":"informacion-legal","status":"publish","type":"page","link":"https:\/\/boxeur-pro.fr\/es\/politique-de-confidentialite\/","title":{"rendered":"Informaci\u00f3n jur\u00eddica"},"content":{"rendered":"<p>De conformidad con las disposiciones de la Ley n\u00ba 2004-575, de 21 de junio de 2004, sobre la confianza en la econom\u00eda digital, se informa a los usuarios del sitio web BoxeurPro de la identidad de las distintas partes implicadas en su creaci\u00f3n y seguimiento.<\/p>\n\n\n\n<h2 class=\"gb-headline gb-headline-a109d136 gb-headline-text\"><strong>Edici\u00f3n del sitio\u00a0<\/strong><\/h2>\n\n\n\n<p>Este sitio, accesible en la URL <a href=\"https:\/\/boxeur-pro.fr\/es\/\" data-lasso-id=\"5460\">https:\/\/boxeur-pro.fr<\/a> (el \"Sitio\"), es publicado por :<br>DDIGITAL , sociedad con capital social de 300 euros, inscrita en el Registro Mercantil de Nanterre con el n\u00famero Nanterre B 909 520 884, con domicilio social en 41 rue Jean Bonal, 92250 La Garenne-Colombes, representada por Dylan SCHREIER, debidamente autorizado.<br>El n\u00famero de IVA individual del editor es: FR00909520884.<\/p>\n\n\n\n<h2 class=\"gb-headline gb-headline-9f7a8178 gb-headline-text\"><strong>Alojamiento<\/strong><\/h2>\n\n\n\n<p>El Sitio est\u00e1 alojado por Hostinger International LTD, con domicilio social en 61 Lordou Vironos Street, 6023 Larnaca, Chipre, y con quien puede ponerse en contacto de la siguiente manera:\u00a0<a href=\"https:\/\/www.hostinger.fr\/contact\" target=\"_blank\" rel=\"noopener\" data-lasso-id=\"5461\">https:\/\/www.hostinger.fr\/contact<\/a> (contacto por tel\u00e9fono o correo electr\u00f3nico: https:\/\/www.hostinger.fr\/contact).<\/p>\n\n\n\n<h2 class=\"gb-headline gb-headline-a56c637c gb-headline-text\"><strong>Director editorial\u00a0<\/strong><\/h2>\n\n\n\n<p>El Director de Publicaciones del sitio es Dylan SCHREIER .<\/p>\n\n\n\n<h2 class=\"gb-headline gb-headline-6beed3a1 gb-headline-text\"><strong>P\u00f3ngase en contacto con nosotros\u00a0<\/strong><\/h2>\n\n\n\n<p>Por correo electr\u00f3nico: hello@ddigital.fr<br>Por correo: DDIGITAL, 41 rue Jean Bonal, 92250 La Garenne-Colombes, Francia<\/p>\n\n\n\n<h2 class=\"gb-headline gb-headline-d6e6d6fc gb-headline-text\"><strong>Datos personales<\/strong><\/h2>\n\n\n\n<p>El tratamiento de sus datos personales se rige por nuestra Carta de Privacidad, disponible en la secci\u00f3n \"Carta de Protecci\u00f3n de Datos Personales\", de conformidad con el Reglamento General de Protecci\u00f3n de Datos 2016\/679 de 27 de abril de 2016 (\"GDPR\").<\/p>\n\n\n\n<p>Generaci\u00f3n de avisos legales mediante <a href=\"https:\/\/www.legalstart.fr\/\" data-lasso-id=\"5462\">Legalstart<\/a>.<\/p>","protected":false},"excerpt":{"rendered":"<p>Conform\u00e9ment aux dispositions de la loi n\u00b0 2004-575 du 21 juin 2004 pour la confiance en l&rsquo;\u00e9conomie num\u00e9rique, il est pr\u00e9cis\u00e9 aux utilisateurs du site BoxeurPro l&rsquo;identit\u00e9 des diff\u00e9rents intervenants dans le cadre de sa r\u00e9alisation et de son suivi. Edition du site\u00a0 Le pr\u00e9sent site, accessible \u00e0 l\u2019URL https:\/\/boxeur-pro.fr &#8230; <a title=\"Informaci\u00f3n jur\u00eddica\" class=\"read-more\" href=\"https:\/\/boxeur-pro.fr\/es\/politique-de-confidentialite\/\" aria-label=\"Leer m\u00e1s sobre Mentions l\u00e9gales\">Leer m\u00e1s<\/a><\/p>","protected":false},"author":1,"featured_media":0,"parent":0,"menu_order":0,"comment_status":"closed","ping_status":"closed","template":"","meta":{"footnotes":""},"class_list":["post-3","page","type-page","status-publish"],"yoast_head":"<!-- This site is optimized with the Yoast SEO plugin v27.4 - https:\/\/yoast.com\/product\/yoast-seo-wordpress\/ -->\n<title>Mentions l\u00e9gales - Boxeur PRO<\/title>\n<meta name=\"description\" content=\"Rejoignez la communaut\u00e9 Boxeur-Pro pour tout savoir sur la boxe : tutoriels, fitness, psychologie du sport, actualit\u00e9s et bien plus.\" \/>\n<meta name=\"robots\" content=\"index, follow, max-snippet:-1, max-image-preview:large, max-video-preview:-1\" \/>\n<link rel=\"canonical\" href=\"https:\/\/boxeur-pro.fr\/es\/politica-de-privacidad\/\" \/>\n<meta property=\"og:locale\" content=\"es_ES\" \/>\n<meta property=\"og:type\" content=\"article\" \/>\n<meta property=\"og:title\" content=\"Mentions l\u00e9gales - Boxeur PRO\" \/>\n<meta property=\"og:description\" content=\"Rejoignez la communaut\u00e9 Boxeur-Pro pour tout savoir sur la boxe : tutoriels, fitness, psychologie du sport, actualit\u00e9s et bien plus.\" \/>\n<meta property=\"og:url\" content=\"https:\/\/boxeur-pro.fr\/es\/politica-de-privacidad\/\" \/>\n<meta property=\"og:site_name\" content=\"Boxeur PRO\" \/>\n<meta property=\"article:modified_time\" content=\"2025-01-25T20:24:29+00:00\" \/>\n<meta name=\"twitter:card\" content=\"summary_large_image\" \/>\n<meta name=\"twitter:label1\" content=\"Tiempo de lectura\" \/>\n\t<meta name=\"twitter:data1\" content=\"2 minutos\" \/>\n<script type=\"application\/ld+json\" class=\"yoast-schema-graph\">{\"@context\":\"https:\\\/\\\/schema.org\",\"@graph\":[{\"@type\":\"WebPage\",\"@id\":\"https:\\\/\\\/boxeur-pro.fr\\\/es\\\/politique-de-confidentialite\\\/\",\"url\":\"https:\\\/\\\/boxeur-pro.fr\\\/es\\\/politique-de-confidentialite\\\/\",\"name\":\"Mentions l\u00e9gales - Boxeur PRO\",\"isPartOf\":{\"@id\":\"https:\\\/\\\/boxeur-pro.fr\\\/es\\\/#website\"},\"datePublished\":\"2023-12-08T15:24:00+00:00\",\"dateModified\":\"2025-01-25T20:24:29+00:00\",\"description\":\"Rejoignez la communaut\u00e9 Boxeur-Pro pour tout savoir sur la boxe : tutoriels, fitness, psychologie du sport, actualit\u00e9s et bien plus.\",\"breadcrumb\":{\"@id\":\"https:\\\/\\\/boxeur-pro.fr\\\/es\\\/politique-de-confidentialite\\\/#breadcrumb\"},\"inLanguage\":\"es\",\"potentialAction\":[{\"@type\":\"ReadAction\",\"target\":[\"https:\\\/\\\/boxeur-pro.fr\\\/es\\\/politique-de-confidentialite\\\/\"]}]},{\"@type\":\"BreadcrumbList\",\"@id\":\"https:\\\/\\\/boxeur-pro.fr\\\/es\\\/politique-de-confidentialite\\\/#breadcrumb\",\"itemListElement\":[{\"@type\":\"ListItem\",\"position\":1,\"name\":\"Accueil\",\"item\":\"https:\\\/\\\/boxeur-pro.fr\\\/\"},{\"@type\":\"ListItem\",\"position\":2,\"name\":\"Mentions l\u00e9gales\"}]},{\"@type\":\"WebSite\",\"@id\":\"https:\\\/\\\/boxeur-pro.fr\\\/es\\\/#website\",\"url\":\"https:\\\/\\\/boxeur-pro.fr\\\/es\\\/\",\"name\":\"Boxeur PRO\",\"description\":\"\",\"publisher\":{\"@id\":\"https:\\\/\\\/boxeur-pro.fr\\\/es\\\/#organization\"},\"potentialAction\":[{\"@type\":\"SearchAction\",\"target\":{\"@type\":\"EntryPoint\",\"urlTemplate\":\"https:\\\/\\\/boxeur-pro.fr\\\/es\\\/?s={search_term_string}\"},\"query-input\":{\"@type\":\"PropertyValueSpecification\",\"valueRequired\":true,\"valueName\":\"search_term_string\"}}],\"inLanguage\":\"es\"},{\"@type\":\"Organization\",\"@id\":\"https:\\\/\\\/boxeur-pro.fr\\\/es\\\/#organization\",\"name\":\"Boxeur PRO\",\"url\":\"https:\\\/\\\/boxeur-pro.fr\\\/es\\\/\",\"logo\":{\"@type\":\"ImageObject\",\"inLanguage\":\"es\",\"@id\":\"https:\\\/\\\/boxeur-pro.fr\\\/es\\\/#\\\/schema\\\/logo\\\/image\\\/\",\"url\":\"https:\\\/\\\/boxeur-pro.fr\\\/wp-content\\\/uploads\\\/2024\\\/01\\\/LogoBoxeurProTransparent-1.png\",\"contentUrl\":\"https:\\\/\\\/boxeur-pro.fr\\\/wp-content\\\/uploads\\\/2024\\\/01\\\/LogoBoxeurProTransparent-1.png\",\"width\":709,\"height\":800,\"caption\":\"Boxeur PRO\"},\"image\":{\"@id\":\"https:\\\/\\\/boxeur-pro.fr\\\/es\\\/#\\\/schema\\\/logo\\\/image\\\/\"}}]}<\/script>\n<!-- \/ Yoast SEO plugin. -->","yoast_head_json":{"title":"Informaci\u00f3n legal - Boxeur PRO","description":"\u00danete a la comunidad Boxeur-Pro para descubrirlo todo sobre el boxeo: tutoriales, fitness, psicolog\u00eda deportiva, noticias y mucho m\u00e1s.","robots":{"index":"index","follow":"follow","max-snippet":"max-snippet:-1","max-image-preview":"max-image-preview:large","max-video-preview":"max-video-preview:-1"},"canonical":"https:\/\/boxeur-pro.fr\/es\/politica-de-privacidad\/","og_locale":"es_ES","og_type":"article","og_title":"Mentions l\u00e9gales - Boxeur PRO","og_description":"Rejoignez la communaut\u00e9 Boxeur-Pro pour tout savoir sur la boxe : tutoriels, fitness, psychologie du sport, actualit\u00e9s et bien plus.","og_url":"https:\/\/boxeur-pro.fr\/es\/politica-de-privacidad\/","og_site_name":"Boxeur PRO","article_modified_time":"2025-01-25T20:24:29+00:00","twitter_card":"summary_large_image","twitter_misc":{"Tiempo de lectura":"2 minutos"},"schema":{"@context":"https:\/\/schema.org","@graph":[{"@type":"WebPage","@id":"https:\/\/boxeur-pro.fr\/es\/politique-de-confidentialite\/","url":"https:\/\/boxeur-pro.fr\/es\/politique-de-confidentialite\/","name":"Informaci\u00f3n legal - Boxeur PRO","isPartOf":{"@id":"https:\/\/boxeur-pro.fr\/es\/#website"},"datePublished":"2023-12-08T15:24:00+00:00","dateModified":"2025-01-25T20:24:29+00:00","description":"\u00danete a la comunidad Boxeur-Pro para descubrirlo todo sobre el boxeo: tutoriales, fitness, psicolog\u00eda deportiva, noticias y mucho m\u00e1s.","breadcrumb":{"@id":"https:\/\/boxeur-pro.fr\/es\/politique-de-confidentialite\/#breadcrumb"},"inLanguage":"es","potentialAction":[{"@type":"ReadAction","target":["https:\/\/boxeur-pro.fr\/es\/politique-de-confidentialite\/"]}]},{"@type":"BreadcrumbList","@id":"https:\/\/boxeur-pro.fr\/es\/politique-de-confidentialite\/#breadcrumb","itemListElement":[{"@type":"ListItem","position":1,"name":"Accueil","item":"https:\/\/boxeur-pro.fr\/"},{"@type":"ListItem","position":2,"name":"Mentions l\u00e9gales"}]},{"@type":"WebSite","@id":"https:\/\/boxeur-pro.fr\/es\/#website","url":"https:\/\/boxeur-pro.fr\/es\/","name":"Boxeador PRO","description":"","publisher":{"@id":"https:\/\/boxeur-pro.fr\/es\/#organization"},"potentialAction":[{"@type":"SearchAction","target":{"@type":"EntryPoint","urlTemplate":"https:\/\/boxeur-pro.fr\/es\/?s={search_term_string}"},"query-input":{"@type":"PropertyValueSpecification","valueRequired":true,"valueName":"search_term_string"}}],"inLanguage":"es"},{"@type":"Organization","@id":"https:\/\/boxeur-pro.fr\/es\/#organization","name":"Boxeador PRO","url":"https:\/\/boxeur-pro.fr\/es\/","logo":{"@type":"ImageObject","inLanguage":"es","@id":"https:\/\/boxeur-pro.fr\/es\/#\/schema\/logo\/image\/","url":"https:\/\/boxeur-pro.fr\/wp-content\/uploads\/2024\/01\/LogoBoxeurProTransparent-1.png","contentUrl":"https:\/\/boxeur-pro.fr\/wp-content\/uploads\/2024\/01\/LogoBoxeurProTransparent-1.png","width":709,"height":800,"caption":"Boxeur PRO"},"image":{"@id":"https:\/\/boxeur-pro.fr\/es\/#\/schema\/logo\/image\/"}}]}},"_links":{"self":[{"href":"https:\/\/boxeur-pro.fr\/es\/wp-json\/wp\/v2\/pages\/3","targetHints":{"allow":["GET"]}}],"collection":[{"href":"https:\/\/boxeur-pro.fr\/es\/wp-json\/wp\/v2\/pages"}],"about":[{"href":"https:\/\/boxeur-pro.fr\/es\/wp-json\/wp\/v2\/types\/page"}],"author":[{"embeddable":true,"href":"https:\/\/boxeur-pro.fr\/es\/wp-json\/wp\/v2\/users\/1"}],"replies":[{"embeddable":true,"href":"https:\/\/boxeur-pro.fr\/es\/wp-json\/wp\/v2\/comments?post=3"}],"version-history":[{"count":8,"href":"https:\/\/boxeur-pro.fr\/es\/wp-json\/wp\/v2\/pages\/3\/revisions"}],"predecessor-version":[{"id":3360,"href":"https:\/\/boxeur-pro.fr\/es\/wp-json\/wp\/v2\/pages\/3\/revisions\/3360"}],"wp:attachment":[{"href":"https:\/\/boxeur-pro.fr\/es\/wp-json\/wp\/v2\/media?parent=3"}],"curies":[{"name":"wp","href":"https:\/\/api.w.org\/{rel}","templated":true}]}}