{"id":45,"date":"2022-03-28T19:29:05","date_gmt":"2022-03-28T18:29:05","guid":{"rendered":"https:\/\/workout.wordifysites.com\/?page_id=45"},"modified":"2024-01-22T10:57:46","modified_gmt":"2024-01-22T09:57:46","slug":"a-propos","status":"publish","type":"page","link":"https:\/\/boxeur-pro.fr\/es\/a-propos\/","title":{"rendered":"Qui\u00e9nes somos"},"content":{"rendered":"<section class=\"gb-container gb-container-1b08558f\">\n<div class=\"gb-container gb-container-314fd8e2\" style=\"background-image: url(https:\/\/boxeur-pro.fr\/wp-content\/uploads\/2022\/03\/risen-wang-20jX9b35r_M-unsplash-768x575.jpg);\"><\/div>\n\n<div class=\"gb-container gb-container-51361c10\">\n\n<h2 class=\"gb-headline gb-headline-efa10e8e icon-reversed\"><span class=\"gb-icon\"><svg viewbox=\"0 0 218.28 17.62\" xmlns=\"http:\/\/www.w3.org\/2000\/svg\" data-name=\"Capa 1\"><path d=\"M0 0h217.92v17.62H0z\"><\/path><\/svg><\/span><span class=\"gb-headline-text\">Bienvenido al mundo del boxeo<\/span><\/h2>\n\n\n\n<p class=\"gb-headline gb-headline-1b7eec37 gb-headline-text\">La \u00fanica pasi\u00f3n que necesitas<\/p>\n\n\n\n<p class=\"gb-headline gb-headline-31b0b9ce gb-headline-text\">\u00a1Bienvenido al mundo del boxeo! Un mundo donde la fuerza, la disciplina y la estrategia se unen para crear un deporte emocionante y exigente. Tanto si eres un principiante como un boxeador experimentado, el boxeo te ofrece una aventura \u00fanica que combina intensidad f\u00edsica, desarrollo mental y crecimiento personal. Prep\u00e1rate para descubrir el poder de tus pu\u00f1os y la resistencia de tu mente. Sube al ring y \u00a1que empiece la aventura!<\/p>\n\n\n\n<p>Este es mi perfil de boxeador: <\/p>\n\n\n<div class=\"gb-container gb-container-7eb44267\">\n\n<p class=\"gb-headline gb-headline-57c126fd gb-headline-text\">T\u00e9cnico<\/p>\n\n\n\n<p class=\"gb-headline gb-headline-a68d5a56 gb-headline-text\">85%<\/p>\n\n<\/div>\n\n<div class=\"gb-container gb-container-26fc4ce7\">\n<div class=\"gb-container gb-container-e6840047\"><\/div>\n\n<div class=\"gb-container gb-container-77e0a178\"><\/div>\n<\/div>\n\n<div class=\"gb-container gb-container-14dc3063\">\n\n<p class=\"gb-headline gb-headline-c5548d93 gb-headline-text\">Culturismo<\/p>\n\n\n\n<p class=\"gb-headline gb-headline-a0e9e4ea gb-headline-text\">90%<\/p>\n\n<\/div>\n\n<div class=\"gb-container gb-container-9013a9c6\">\n<div class=\"gb-container gb-container-79cfc3c3\"><\/div>\n\n<div class=\"gb-container gb-container-de470a6a\"><\/div>\n<\/div>\n\n<div class=\"gb-container gb-container-9e304592\">\n\n<p class=\"gb-headline gb-headline-14773aa2 gb-headline-text\">EXPERIENCIA<\/p>\n\n\n\n<p class=\"gb-headline gb-headline-73964e05 gb-headline-text\">95%<\/p>\n\n<\/div>\n\n<div class=\"gb-container gb-container-72e91cb5\">\n<div class=\"gb-container gb-container-daab9481\"><\/div>\n\n<div class=\"gb-container gb-container-a7c7e857\"><\/div>\n<\/div>\n\n\n<a class=\"gb-button gb-button-ca3b35ea\" href=\"https:\/\/boxeur-pro.fr\/es\/blog\/\" data-lasso-id=\"9\"><span class=\"gb-button-text\">M\u00e1s informaci\u00f3n<\/span><span class=\"gb-icon\"><svg viewbox=\"0 0 247 165\" xmlns=\"http:\/\/www.w3.org\/2000\/svg\" data-name=\"Capa 1\"><path d=\"M33 0H0l66 82-66 83h33l66-83L33 0z\"><\/path><path d=\"M83 0H50l66 82-66 83h33l66-83L83 0z\"><\/path><path d=\"M181 0H99l66 82-66 83h82l66-83-66-82z\"><\/path><\/svg><\/span><\/a>\n\n<\/div>\n<\/section>\n\n<section class=\"gb-container gb-container-a68f7ee7\"><\/section>\n\n<section class=\"gb-container gb-container-72aaaf6c\"><\/section>\n\n<div class=\"gb-container gb-container-3a727908\">\n<div class=\"gb-container gb-container-82db11ce\">\n\n<h2 class=\"gb-headline gb-headline-53316e61\"><span class=\"gb-icon\"><svg viewbox=\"0 0 218.28 17.62\" xmlns=\"http:\/\/www.w3.org\/2000\/svg\" data-name=\"Capa 1\"><path d=\"M0 0h217.92v17.62H0z\"><\/path><\/svg><\/span><span class=\"gb-headline-text\">Qui\u00e9nes somos<\/span><\/h2>\n\n\n\n<p class=\"gb-headline gb-headline-9c28ba2a gb-headline-text\">Qu\u00e9 ofrecemos<\/p>\n\n\n\n<p>Bienvenido a Boxeur-Pro, su destino definitivo para todo lo relacionado con el boxeo, adaptado a entusiastas de todos los niveles. Estamos orgullosos de presentar un blog rico y diverso dise\u00f1ado para boxeadores y aficionados a este estimulante deporte. He aqu\u00ed una visi\u00f3n general de lo que encontrar\u00e1 en nuestra plataforma:<\/p>\n\n\n\n<p><strong>1. Tutoriales y t\u00e9cnicas :<\/strong> Ofrecemos una gran cantidad de tutoriales detallados, v\u00eddeos y art\u00edculos que abarcan desde t\u00e9cnicas b\u00e1sicas hasta estrategias avanzadas. Tanto si eres un principiante aprendiendo a lanzar un jab correctamente como si eres un profesional buscando perfeccionar tu uppercut, nuestros recursos son adecuados para todos los niveles.<\/p>\n\n\n\n<p><strong>2. Consejos de fitness :<\/strong> El boxeo es tanto una cuesti\u00f3n de forma f\u00edsica como de habilidad t\u00e9cnica. Nuestro blog ofrece programas de entrenamiento personalizados, consejos de nutrici\u00f3n, rutinas de fortalecimiento muscular y estrategias de recuperaci\u00f3n para maximizar tu rendimiento.<\/p>\n\n\n\n<p><strong>3. Equipamiento y avisos :<\/strong> Descubre nuestras completas gu\u00edas y opiniones imparciales sobre equipamiento de boxeo, desde guantes y protecciones hasta sacos de boxeo. <a href=\"https:\/\/boxeur-pro.fr\/es\/boxe\/meilleur-sac-de-frappe-boxe\/\">hit<\/a> y zapatillas de boxeo. Te ayudaremos a elegir el equipo que mejor se adapte a tus necesidades y presupuesto.<\/p>\n\n\n\n<p><strong>4. Psicolog\u00eda y estrategia :<\/strong> El boxeo tambi\u00e9n es un juego mental. Exploramos los aspectos psicol\u00f3gicos de este deporte, ofreciendo consejos sobre la gesti\u00f3n del estr\u00e9s, la preparaci\u00f3n mental antes de un combate y t\u00e9cnicas para mantener la concentraci\u00f3n y la confianza bajo presi\u00f3n.<\/p>\n\n\n\n<p><strong>5. Entrevistas y perfiles :<\/strong> Sum\u00e9rjase en las inspiradoras historias de boxeadores profesionales y aficionados a trav\u00e9s de entrevistas y perfiles detallados. Descubre sus trayectorias, sus retos y lo que les motiva a subir al ring.<\/p>\n\n\n\n<p><strong>6. Noticias y eventos :<\/strong> Mantente al d\u00eda de las \u00faltimas noticias del mundo del boxeo, incluidos anuncios de combates, resultados y an\u00e1lisis de los principales acontecimientos. No te pierdas ninguno de los momentos clave de este din\u00e1mico deporte.<\/p>\n\n\n\n<p><strong>7. Comunidad e interacci\u00f3n :<\/strong> Boxeur-Pro no es s\u00f3lo una fuente de informaci\u00f3n, sino tambi\u00e9n una comunidad. Participe en nuestros foros de debate, comparta sus experiencias, formule preguntas y conecte con otros entusiastas del boxeo de todo el mundo.<\/p>\n\n\n\n<p><strong>8. Secci\u00f3n de <a href=\"https:\/\/boxeur-pro.fr\/es\/boxe\/mike-tyson-enfants\/\">Ni\u00f1os<\/a> y adolescentes :<\/strong> Nutrimos a los j\u00f3venes talentos ofreci\u00e9ndoles recursos espec\u00edficos para boxeadores en ciernes, como consejos de entrenamiento, t\u00e9cnicas de seguridad y estrategias para compaginar el deporte con los estudios.<\/p>\n\n\n\n<p><strong>9. Salud y seguridad :<\/strong> La seguridad es primordial en el boxeo. Nuestro blog se centra en las mejores pr\u00e1cticas para evitar lesiones, primeros auxilios en caso de necesidad y m\u00e9todos de prevenci\u00f3n.<\/p>\n\n\n\n<a class=\"gb-button gb-button-85a81b19\" href=\"https:\/\/boxeur-pro.fr\/es\/blog\/\" data-lasso-id=\"10\"><span class=\"gb-button-text\">noticias<\/span><span class=\"gb-icon\"><svg viewbox=\"0 0 247 165\" xmlns=\"http:\/\/www.w3.org\/2000\/svg\" data-name=\"Capa 1\"><path d=\"M33 0H0l66 82-66 83h33l66-83L33 0z\"><\/path><path d=\"M83 0H50l66 82-66 83h33l66-83L83 0z\"><\/path><path d=\"M181 0H99l66 82-66 83h82l66-83-66-82z\"><\/path><\/svg><\/span><\/a>\n\n<\/div>\n<\/div>","protected":false},"excerpt":{"rendered":"<p>Bienvenue dans le monde de la boxe La seule passion dont vous aurez besoin Bienvenue dans le monde de la boxe ! Un univers o\u00f9 force, discipline et strat\u00e9gie se rencontrent pour cr\u00e9er un sport passionnant et exigeant. Que vous soyez d\u00e9butant ou exp\u00e9riment\u00e9, la boxe offre une aventure unique, &#8230; <a title=\"Qui\u00e9nes somos\" class=\"read-more\" href=\"https:\/\/boxeur-pro.fr\/es\/a-propos\/\" aria-label=\"Leer m\u00e1s sobre \u00c0 propos\">Leer m\u00e1s<\/a><\/p>","protected":false},"author":2,"featured_media":0,"parent":0,"menu_order":0,"comment_status":"closed","ping_status":"closed","template":"","meta":{"footnotes":""},"class_list":["post-45","page","type-page","status-publish"],"yoast_head":"<!-- This site is optimized with the Yoast SEO plugin v27.4 - https:\/\/yoast.com\/product\/yoast-seo-wordpress\/ -->\n<title>\u00c0 propos - Boxeur PRO<\/title>\n<meta name=\"description\" content=\"D\u00e9couvrez le monde passionnant de la boxe sur notre blog - des techniques de base aux strat\u00e9gies avanc\u00e9es, conseils d&#039;entra\u00eenement\" \/>\n<meta name=\"robots\" content=\"index, follow, max-snippet:-1, max-image-preview:large, max-video-preview:-1\" \/>\n<link rel=\"canonical\" href=\"https:\/\/boxeur-pro.fr\/es\/a-propos\/\" \/>\n<meta property=\"og:locale\" content=\"es_ES\" \/>\n<meta property=\"og:type\" content=\"article\" \/>\n<meta property=\"og:title\" content=\"\u00c0 propos - Boxeur PRO\" \/>\n<meta property=\"og:description\" content=\"D\u00e9couvrez le monde passionnant de la boxe sur notre blog - des techniques de base aux strat\u00e9gies avanc\u00e9es, conseils d&#039;entra\u00eenement\" \/>\n<meta property=\"og:url\" content=\"https:\/\/boxeur-pro.fr\/es\/a-propos\/\" \/>\n<meta property=\"og:site_name\" content=\"Boxeur PRO\" \/>\n<meta property=\"article:modified_time\" content=\"2024-01-22T09:57:46+00:00\" \/>\n<meta name=\"twitter:card\" content=\"summary_large_image\" \/>\n<meta name=\"twitter:label1\" content=\"Tiempo de lectura\" \/>\n\t<meta name=\"twitter:data1\" content=\"3 minutos\" \/>\n<script type=\"application\/ld+json\" class=\"yoast-schema-graph\">{\"@context\":\"https:\\\/\\\/schema.org\",\"@graph\":[{\"@type\":\"WebPage\",\"@id\":\"https:\\\/\\\/boxeur-pro.fr\\\/es\\\/a-propos\\\/\",\"url\":\"https:\\\/\\\/boxeur-pro.fr\\\/es\\\/a-propos\\\/\",\"name\":\"\u00c0 propos - Boxeur PRO\",\"isPartOf\":{\"@id\":\"https:\\\/\\\/boxeur-pro.fr\\\/es\\\/#website\"},\"datePublished\":\"2022-03-28T18:29:05+00:00\",\"dateModified\":\"2024-01-22T09:57:46+00:00\",\"description\":\"D\u00e9couvrez le monde passionnant de la boxe sur notre blog - des techniques de base aux strat\u00e9gies avanc\u00e9es, conseils d'entra\u00eenement\",\"breadcrumb\":{\"@id\":\"https:\\\/\\\/boxeur-pro.fr\\\/es\\\/a-propos\\\/#breadcrumb\"},\"inLanguage\":\"es\",\"potentialAction\":[{\"@type\":\"ReadAction\",\"target\":[\"https:\\\/\\\/boxeur-pro.fr\\\/es\\\/a-propos\\\/\"]}]},{\"@type\":\"BreadcrumbList\",\"@id\":\"https:\\\/\\\/boxeur-pro.fr\\\/es\\\/a-propos\\\/#breadcrumb\",\"itemListElement\":[{\"@type\":\"ListItem\",\"position\":1,\"name\":\"Accueil\",\"item\":\"https:\\\/\\\/boxeur-pro.fr\\\/\"},{\"@type\":\"ListItem\",\"position\":2,\"name\":\"\u00c0 propos\"}]},{\"@type\":\"WebSite\",\"@id\":\"https:\\\/\\\/boxeur-pro.fr\\\/es\\\/#website\",\"url\":\"https:\\\/\\\/boxeur-pro.fr\\\/es\\\/\",\"name\":\"Boxeur PRO\",\"description\":\"\",\"publisher\":{\"@id\":\"https:\\\/\\\/boxeur-pro.fr\\\/es\\\/#organization\"},\"potentialAction\":[{\"@type\":\"SearchAction\",\"target\":{\"@type\":\"EntryPoint\",\"urlTemplate\":\"https:\\\/\\\/boxeur-pro.fr\\\/es\\\/?s={search_term_string}\"},\"query-input\":{\"@type\":\"PropertyValueSpecification\",\"valueRequired\":true,\"valueName\":\"search_term_string\"}}],\"inLanguage\":\"es\"},{\"@type\":\"Organization\",\"@id\":\"https:\\\/\\\/boxeur-pro.fr\\\/es\\\/#organization\",\"name\":\"Boxeur PRO\",\"url\":\"https:\\\/\\\/boxeur-pro.fr\\\/es\\\/\",\"logo\":{\"@type\":\"ImageObject\",\"inLanguage\":\"es\",\"@id\":\"https:\\\/\\\/boxeur-pro.fr\\\/es\\\/#\\\/schema\\\/logo\\\/image\\\/\",\"url\":\"https:\\\/\\\/boxeur-pro.fr\\\/wp-content\\\/uploads\\\/2024\\\/01\\\/LogoBoxeurProTransparent-1.png\",\"contentUrl\":\"https:\\\/\\\/boxeur-pro.fr\\\/wp-content\\\/uploads\\\/2024\\\/01\\\/LogoBoxeurProTransparent-1.png\",\"width\":709,\"height\":800,\"caption\":\"Boxeur PRO\"},\"image\":{\"@id\":\"https:\\\/\\\/boxeur-pro.fr\\\/es\\\/#\\\/schema\\\/logo\\\/image\\\/\"}}]}<\/script>\n<!-- \/ Yoast SEO plugin. -->","yoast_head_json":{"title":"Sobre - Boxeur PRO","description":"Descubra el apasionante mundo del boxeo en nuestro blog: desde t\u00e9cnicas b\u00e1sicas hasta estrategias avanzadas, consejos de entrenamiento y mucho m\u00e1s.","robots":{"index":"index","follow":"follow","max-snippet":"max-snippet:-1","max-image-preview":"max-image-preview:large","max-video-preview":"max-video-preview:-1"},"canonical":"https:\/\/boxeur-pro.fr\/es\/a-propos\/","og_locale":"es_ES","og_type":"article","og_title":"\u00c0 propos - Boxeur PRO","og_description":"D\u00e9couvrez le monde passionnant de la boxe sur notre blog - des techniques de base aux strat\u00e9gies avanc\u00e9es, conseils d'entra\u00eenement","og_url":"https:\/\/boxeur-pro.fr\/es\/a-propos\/","og_site_name":"Boxeur PRO","article_modified_time":"2024-01-22T09:57:46+00:00","twitter_card":"summary_large_image","twitter_misc":{"Tiempo de lectura":"3 minutos"},"schema":{"@context":"https:\/\/schema.org","@graph":[{"@type":"WebPage","@id":"https:\/\/boxeur-pro.fr\/es\/a-propos\/","url":"https:\/\/boxeur-pro.fr\/es\/a-propos\/","name":"Sobre - Boxeur PRO","isPartOf":{"@id":"https:\/\/boxeur-pro.fr\/es\/#website"},"datePublished":"2022-03-28T18:29:05+00:00","dateModified":"2024-01-22T09:57:46+00:00","description":"Descubra el apasionante mundo del boxeo en nuestro blog: desde t\u00e9cnicas b\u00e1sicas hasta estrategias avanzadas, consejos de entrenamiento y mucho m\u00e1s.","breadcrumb":{"@id":"https:\/\/boxeur-pro.fr\/es\/a-propos\/#breadcrumb"},"inLanguage":"es","potentialAction":[{"@type":"ReadAction","target":["https:\/\/boxeur-pro.fr\/es\/a-propos\/"]}]},{"@type":"BreadcrumbList","@id":"https:\/\/boxeur-pro.fr\/es\/a-propos\/#breadcrumb","itemListElement":[{"@type":"ListItem","position":1,"name":"Accueil","item":"https:\/\/boxeur-pro.fr\/"},{"@type":"ListItem","position":2,"name":"\u00c0 propos"}]},{"@type":"WebSite","@id":"https:\/\/boxeur-pro.fr\/es\/#website","url":"https:\/\/boxeur-pro.fr\/es\/","name":"Boxeador PRO","description":"","publisher":{"@id":"https:\/\/boxeur-pro.fr\/es\/#organization"},"potentialAction":[{"@type":"SearchAction","target":{"@type":"EntryPoint","urlTemplate":"https:\/\/boxeur-pro.fr\/es\/?s={search_term_string}"},"query-input":{"@type":"PropertyValueSpecification","valueRequired":true,"valueName":"search_term_string"}}],"inLanguage":"es"},{"@type":"Organization","@id":"https:\/\/boxeur-pro.fr\/es\/#organization","name":"Boxeador PRO","url":"https:\/\/boxeur-pro.fr\/es\/","logo":{"@type":"ImageObject","inLanguage":"es","@id":"https:\/\/boxeur-pro.fr\/es\/#\/schema\/logo\/image\/","url":"https:\/\/boxeur-pro.fr\/wp-content\/uploads\/2024\/01\/LogoBoxeurProTransparent-1.png","contentUrl":"https:\/\/boxeur-pro.fr\/wp-content\/uploads\/2024\/01\/LogoBoxeurProTransparent-1.png","width":709,"height":800,"caption":"Boxeur PRO"},"image":{"@id":"https:\/\/boxeur-pro.fr\/es\/#\/schema\/logo\/image\/"}}]}},"_links":{"self":[{"href":"https:\/\/boxeur-pro.fr\/es\/wp-json\/wp\/v2\/pages\/45","targetHints":{"allow":["GET"]}}],"collection":[{"href":"https:\/\/boxeur-pro.fr\/es\/wp-json\/wp\/v2\/pages"}],"about":[{"href":"https:\/\/boxeur-pro.fr\/es\/wp-json\/wp\/v2\/types\/page"}],"author":[{"embeddable":true,"href":"https:\/\/boxeur-pro.fr\/es\/wp-json\/wp\/v2\/users\/2"}],"replies":[{"embeddable":true,"href":"https:\/\/boxeur-pro.fr\/es\/wp-json\/wp\/v2\/comments?post=45"}],"version-history":[{"count":7,"href":"https:\/\/boxeur-pro.fr\/es\/wp-json\/wp\/v2\/pages\/45\/revisions"}],"predecessor-version":[{"id":1226,"href":"https:\/\/boxeur-pro.fr\/es\/wp-json\/wp\/v2\/pages\/45\/revisions\/1226"}],"wp:attachment":[{"href":"https:\/\/boxeur-pro.fr\/es\/wp-json\/wp\/v2\/media?parent=45"}],"curies":[{"name":"wp","href":"https:\/\/api.w.org\/{rel}","templated":true}]}}