{"id":3,"date":"2023-12-08T16:24:00","date_gmt":"2023-12-08T15:24:00","guid":{"rendered":"http:\/\/boxeur-pro.fr\/?page_id=3"},"modified":"2025-01-25T21:24:29","modified_gmt":"2025-01-25T20:24:29","slug":"informazioni-legali","status":"publish","type":"page","link":"https:\/\/boxeur-pro.fr\/it\/politique-de-confidentialite\/","title":{"rendered":"Informazioni legali"},"content":{"rendered":"<p>In conformit\u00e0 con le disposizioni della legge n. 2004-575 del 21 giugno 2004 sulla fiducia nell'economia digitale, gli utenti del sito BoxeurPro sono informati dell'identit\u00e0 dei diversi soggetti coinvolti nella sua creazione e nel suo monitoraggio.<\/p>\n\n\n\n<h2 class=\"gb-headline gb-headline-a109d136 gb-headline-text\"><strong>Modifica del sito\u00a0<\/strong><\/h2>\n\n\n\n<p>Questo sito, accessibile all'URL <a href=\"https:\/\/boxeur-pro.fr\/it\/\" data-lasso-id=\"5460\">https:\/\/boxeur-pro.fr<\/a> (il \"Sito\"), \u00e8 pubblicato da :<br>DDIGITAL , societ\u00e0 con capitale sociale di 300 euro, iscritta al Registro del Commercio e delle Imprese di Nanterre con il numero Nanterre B 909 520 884, con sede legale in 41 rue Jean Bonal, 92250 La Garenne-Colombes, rappresentata da Dylan SCHREIER, debitamente autorizzato.<br>Il numero di partita IVA individuale dell'editore \u00e8: FR00909520884.<\/p>\n\n\n\n<h2 class=\"gb-headline gb-headline-9f7a8178 gb-headline-text\"><strong>Hosting<\/strong><\/h2>\n\n\n\n<p>Il Sito \u00e8 ospitato da Hostinger International LTD, la cui sede legale si trova al 61 Lordou Vironos Street, 6023 Larnaca, Cipro, e che pu\u00f2 essere contattata come segue:\u00a0<a href=\"https:\/\/www.hostinger.fr\/contact\" target=\"_blank\" rel=\"noopener\" data-lasso-id=\"5461\">https:\/\/www.hostinger.fr\/contact<\/a> (contatto telefonico o e-mail: https:\/\/www.hostinger.fr\/contact).<\/p>\n\n\n\n<h2 class=\"gb-headline gb-headline-a56c637c gb-headline-text\"><strong>Direttore editoriale\u00a0<\/strong><\/h2>\n\n\n\n<p>Il direttore editoriale del sito \u00e8 Dylan SCHREIER .<\/p>\n\n\n\n<h2 class=\"gb-headline gb-headline-6beed3a1 gb-headline-text\"><strong>Contattateci\u00a0<\/strong><\/h2>\n\n\n\n<p>Per e-mail: hello@ddigital.fr<br>Per posta: DDIGITAL, 41 rue Jean Bonal, 92250 La Garenne-Colombes, Francia<\/p>\n\n\n\n<h2 class=\"gb-headline gb-headline-d6e6d6fc gb-headline-text\"><strong>Dati personali<\/strong><\/h2>\n\n\n\n<p>Il trattamento dei vostri dati personali \u00e8 disciplinato dalla nostra Carta della Privacy, disponibile nella sezione \"Carta della Protezione dei Dati Personali\", in conformit\u00e0 al Regolamento Generale sulla Protezione dei Dati 2016\/679 del 27 aprile 2016 (\"GDPR\").<\/p>\n\n\n\n<p>Generazione di avvisi legali da parte di <a href=\"https:\/\/www.legalstart.fr\/\" data-lasso-id=\"5462\">Legalstart<\/a>.<\/p>","protected":false},"excerpt":{"rendered":"<p>Conform\u00e9ment aux dispositions de la loi n\u00b0 2004-575 du 21 juin 2004 pour la confiance en l&rsquo;\u00e9conomie num\u00e9rique, il est pr\u00e9cis\u00e9 aux utilisateurs du site BoxeurPro l&rsquo;identit\u00e9 des diff\u00e9rents intervenants dans le cadre de sa r\u00e9alisation et de son suivi. Edition du site\u00a0 Le pr\u00e9sent site, accessible \u00e0 l\u2019URL https:\/\/boxeur-pro.fr &#8230; <a title=\"Informazioni legali\" class=\"read-more\" href=\"https:\/\/boxeur-pro.fr\/it\/politique-de-confidentialite\/\" aria-label=\"Per saperne di pi\u00f9 su Mentions l\u00e9gales\">Leggi tutto<\/a><\/p>","protected":false},"author":1,"featured_media":0,"parent":0,"menu_order":0,"comment_status":"closed","ping_status":"closed","template":"","meta":{"footnotes":""},"class_list":["post-3","page","type-page","status-publish"],"yoast_head":"<!-- This site is optimized with the Yoast SEO plugin v27.4 - https:\/\/yoast.com\/product\/yoast-seo-wordpress\/ -->\n<title>Mentions l\u00e9gales - Boxeur PRO<\/title>\n<meta name=\"description\" content=\"Rejoignez la communaut\u00e9 Boxeur-Pro pour tout savoir sur la boxe : tutoriels, fitness, psychologie du sport, actualit\u00e9s et bien plus.\" \/>\n<meta name=\"robots\" content=\"index, follow, max-snippet:-1, max-image-preview:large, max-video-preview:-1\" \/>\n<link rel=\"canonical\" href=\"https:\/\/boxeur-pro.fr\/it\/informativa-sulla-privacy\/\" \/>\n<meta property=\"og:locale\" content=\"it_IT\" \/>\n<meta property=\"og:type\" content=\"article\" \/>\n<meta property=\"og:title\" content=\"Mentions l\u00e9gales - Boxeur PRO\" \/>\n<meta property=\"og:description\" content=\"Rejoignez la communaut\u00e9 Boxeur-Pro pour tout savoir sur la boxe : tutoriels, fitness, psychologie du sport, actualit\u00e9s et bien plus.\" \/>\n<meta property=\"og:url\" content=\"https:\/\/boxeur-pro.fr\/it\/informativa-sulla-privacy\/\" \/>\n<meta property=\"og:site_name\" content=\"Boxeur PRO\" \/>\n<meta property=\"article:modified_time\" content=\"2025-01-25T20:24:29+00:00\" \/>\n<meta name=\"twitter:card\" content=\"summary_large_image\" \/>\n<meta name=\"twitter:label1\" content=\"Tempo di lettura stimato\" \/>\n\t<meta name=\"twitter:data1\" content=\"2 minuti\" \/>\n<script type=\"application\/ld+json\" class=\"yoast-schema-graph\">{\"@context\":\"https:\\\/\\\/schema.org\",\"@graph\":[{\"@type\":\"WebPage\",\"@id\":\"https:\\\/\\\/boxeur-pro.fr\\\/it\\\/politique-de-confidentialite\\\/\",\"url\":\"https:\\\/\\\/boxeur-pro.fr\\\/it\\\/politique-de-confidentialite\\\/\",\"name\":\"Mentions l\u00e9gales - Boxeur PRO\",\"isPartOf\":{\"@id\":\"https:\\\/\\\/boxeur-pro.fr\\\/it\\\/#website\"},\"datePublished\":\"2023-12-08T15:24:00+00:00\",\"dateModified\":\"2025-01-25T20:24:29+00:00\",\"description\":\"Rejoignez la communaut\u00e9 Boxeur-Pro pour tout savoir sur la boxe : tutoriels, fitness, psychologie du sport, actualit\u00e9s et bien plus.\",\"breadcrumb\":{\"@id\":\"https:\\\/\\\/boxeur-pro.fr\\\/it\\\/politique-de-confidentialite\\\/#breadcrumb\"},\"inLanguage\":\"it-IT\",\"potentialAction\":[{\"@type\":\"ReadAction\",\"target\":[\"https:\\\/\\\/boxeur-pro.fr\\\/it\\\/politique-de-confidentialite\\\/\"]}]},{\"@type\":\"BreadcrumbList\",\"@id\":\"https:\\\/\\\/boxeur-pro.fr\\\/it\\\/politique-de-confidentialite\\\/#breadcrumb\",\"itemListElement\":[{\"@type\":\"ListItem\",\"position\":1,\"name\":\"Accueil\",\"item\":\"https:\\\/\\\/boxeur-pro.fr\\\/\"},{\"@type\":\"ListItem\",\"position\":2,\"name\":\"Mentions l\u00e9gales\"}]},{\"@type\":\"WebSite\",\"@id\":\"https:\\\/\\\/boxeur-pro.fr\\\/it\\\/#website\",\"url\":\"https:\\\/\\\/boxeur-pro.fr\\\/it\\\/\",\"name\":\"Boxeur PRO\",\"description\":\"\",\"publisher\":{\"@id\":\"https:\\\/\\\/boxeur-pro.fr\\\/it\\\/#organization\"},\"potentialAction\":[{\"@type\":\"SearchAction\",\"target\":{\"@type\":\"EntryPoint\",\"urlTemplate\":\"https:\\\/\\\/boxeur-pro.fr\\\/it\\\/?s={search_term_string}\"},\"query-input\":{\"@type\":\"PropertyValueSpecification\",\"valueRequired\":true,\"valueName\":\"search_term_string\"}}],\"inLanguage\":\"it-IT\"},{\"@type\":\"Organization\",\"@id\":\"https:\\\/\\\/boxeur-pro.fr\\\/it\\\/#organization\",\"name\":\"Boxeur PRO\",\"url\":\"https:\\\/\\\/boxeur-pro.fr\\\/it\\\/\",\"logo\":{\"@type\":\"ImageObject\",\"inLanguage\":\"it-IT\",\"@id\":\"https:\\\/\\\/boxeur-pro.fr\\\/it\\\/#\\\/schema\\\/logo\\\/image\\\/\",\"url\":\"https:\\\/\\\/boxeur-pro.fr\\\/wp-content\\\/uploads\\\/2024\\\/01\\\/LogoBoxeurProTransparent-1.png\",\"contentUrl\":\"https:\\\/\\\/boxeur-pro.fr\\\/wp-content\\\/uploads\\\/2024\\\/01\\\/LogoBoxeurProTransparent-1.png\",\"width\":709,\"height\":800,\"caption\":\"Boxeur PRO\"},\"image\":{\"@id\":\"https:\\\/\\\/boxeur-pro.fr\\\/it\\\/#\\\/schema\\\/logo\\\/image\\\/\"}}]}<\/script>\n<!-- \/ Yoast SEO plugin. -->","yoast_head_json":{"title":"Informazioni legali - Boxeur PRO","description":"Unisciti alla comunit\u00e0 di Boxeur-Pro per scoprire tutto sul pugilato: tutorial, fitness, psicologia sportiva, notizie e molto altro.","robots":{"index":"index","follow":"follow","max-snippet":"max-snippet:-1","max-image-preview":"max-image-preview:large","max-video-preview":"max-video-preview:-1"},"canonical":"https:\/\/boxeur-pro.fr\/it\/informativa-sulla-privacy\/","og_locale":"it_IT","og_type":"article","og_title":"Mentions l\u00e9gales - Boxeur PRO","og_description":"Rejoignez la communaut\u00e9 Boxeur-Pro pour tout savoir sur la boxe : tutoriels, fitness, psychologie du sport, actualit\u00e9s et bien plus.","og_url":"https:\/\/boxeur-pro.fr\/it\/informativa-sulla-privacy\/","og_site_name":"Boxeur PRO","article_modified_time":"2025-01-25T20:24:29+00:00","twitter_card":"summary_large_image","twitter_misc":{"Tempo di lettura stimato":"2 minuti"},"schema":{"@context":"https:\/\/schema.org","@graph":[{"@type":"WebPage","@id":"https:\/\/boxeur-pro.fr\/it\/politique-de-confidentialite\/","url":"https:\/\/boxeur-pro.fr\/it\/politique-de-confidentialite\/","name":"Informazioni legali - Boxeur PRO","isPartOf":{"@id":"https:\/\/boxeur-pro.fr\/it\/#website"},"datePublished":"2023-12-08T15:24:00+00:00","dateModified":"2025-01-25T20:24:29+00:00","description":"Unisciti alla comunit\u00e0 di Boxeur-Pro per scoprire tutto sul pugilato: tutorial, fitness, psicologia sportiva, notizie e molto altro.","breadcrumb":{"@id":"https:\/\/boxeur-pro.fr\/it\/politique-de-confidentialite\/#breadcrumb"},"inLanguage":"it-IT","potentialAction":[{"@type":"ReadAction","target":["https:\/\/boxeur-pro.fr\/it\/politique-de-confidentialite\/"]}]},{"@type":"BreadcrumbList","@id":"https:\/\/boxeur-pro.fr\/it\/politique-de-confidentialite\/#breadcrumb","itemListElement":[{"@type":"ListItem","position":1,"name":"Accueil","item":"https:\/\/boxeur-pro.fr\/"},{"@type":"ListItem","position":2,"name":"Mentions l\u00e9gales"}]},{"@type":"WebSite","@id":"https:\/\/boxeur-pro.fr\/it\/#website","url":"https:\/\/boxeur-pro.fr\/it\/","name":"Boxer PRO","description":"","publisher":{"@id":"https:\/\/boxeur-pro.fr\/it\/#organization"},"potentialAction":[{"@type":"SearchAction","target":{"@type":"EntryPoint","urlTemplate":"https:\/\/boxeur-pro.fr\/it\/?s={search_term_string}"},"query-input":{"@type":"PropertyValueSpecification","valueRequired":true,"valueName":"search_term_string"}}],"inLanguage":"it-IT"},{"@type":"Organization","@id":"https:\/\/boxeur-pro.fr\/it\/#organization","name":"Boxer PRO","url":"https:\/\/boxeur-pro.fr\/it\/","logo":{"@type":"ImageObject","inLanguage":"it-IT","@id":"https:\/\/boxeur-pro.fr\/it\/#\/schema\/logo\/image\/","url":"https:\/\/boxeur-pro.fr\/wp-content\/uploads\/2024\/01\/LogoBoxeurProTransparent-1.png","contentUrl":"https:\/\/boxeur-pro.fr\/wp-content\/uploads\/2024\/01\/LogoBoxeurProTransparent-1.png","width":709,"height":800,"caption":"Boxeur PRO"},"image":{"@id":"https:\/\/boxeur-pro.fr\/it\/#\/schema\/logo\/image\/"}}]}},"_links":{"self":[{"href":"https:\/\/boxeur-pro.fr\/it\/wp-json\/wp\/v2\/pages\/3","targetHints":{"allow":["GET"]}}],"collection":[{"href":"https:\/\/boxeur-pro.fr\/it\/wp-json\/wp\/v2\/pages"}],"about":[{"href":"https:\/\/boxeur-pro.fr\/it\/wp-json\/wp\/v2\/types\/page"}],"author":[{"embeddable":true,"href":"https:\/\/boxeur-pro.fr\/it\/wp-json\/wp\/v2\/users\/1"}],"replies":[{"embeddable":true,"href":"https:\/\/boxeur-pro.fr\/it\/wp-json\/wp\/v2\/comments?post=3"}],"version-history":[{"count":8,"href":"https:\/\/boxeur-pro.fr\/it\/wp-json\/wp\/v2\/pages\/3\/revisions"}],"predecessor-version":[{"id":3360,"href":"https:\/\/boxeur-pro.fr\/it\/wp-json\/wp\/v2\/pages\/3\/revisions\/3360"}],"wp:attachment":[{"href":"https:\/\/boxeur-pro.fr\/it\/wp-json\/wp\/v2\/media?parent=3"}],"curies":[{"name":"wp","href":"https:\/\/api.w.org\/{rel}","templated":true}]}}