{"id":45,"date":"2022-03-28T19:29:05","date_gmt":"2022-03-28T18:29:05","guid":{"rendered":"https:\/\/workout.wordifysites.com\/?page_id=45"},"modified":"2024-01-22T10:57:46","modified_gmt":"2024-01-22T09:57:46","slug":"a-propos","status":"publish","type":"page","link":"https:\/\/boxeur-pro.fr\/it\/a-propos\/","title":{"rendered":"Chi siamo"},"content":{"rendered":"<section class=\"gb-container gb-container-1b08558f\">\n<div class=\"gb-container gb-container-314fd8e2\" style=\"background-image: url(https:\/\/boxeur-pro.fr\/wp-content\/uploads\/2022\/03\/risen-wang-20jX9b35r_M-unsplash-768x575.jpg);\"><\/div>\n\n<div class=\"gb-container gb-container-51361c10\">\n\n<h2 class=\"gb-headline gb-headline-efa10e8e icon-reversed\"><span class=\"gb-icon\"><svg viewbox=\"0 0 218.28 17.62\" xmlns=\"http:\/\/www.w3.org\/2000\/svg\" data-name=\"Capa 1\"><path d=\"M0 0h217.92v17.62H0z\"><\/path><\/svg><\/span><span class=\"gb-headline-text\">Benvenuti nel mondo della boxe<\/span><\/h2>\n\n\n\n<p class=\"gb-headline gb-headline-1b7eec37 gb-headline-text\">L'unica passione di cui avete bisogno<\/p>\n\n\n\n<p class=\"gb-headline gb-headline-31b0b9ce gb-headline-text\">Benvenuti nel mondo della boxe! Un mondo in cui forza, disciplina e strategia si fondono per creare uno sport emozionante e impegnativo. Che siate principianti o pugili esperti, la boxe offre un'avventura unica che combina intensit\u00e0 fisica, sviluppo mentale e crescita personale. Preparatevi a scoprire il potere dei vostri pugni e la resistenza della vostra mente. Salite sul ring e lasciate che l'avventura abbia inizio!<\/p>\n\n\n\n<p>Questo \u00e8 il profilo del mio boxer: <\/p>\n\n\n<div class=\"gb-container gb-container-7eb44267\">\n\n<p class=\"gb-headline gb-headline-57c126fd gb-headline-text\">Tecnica<\/p>\n\n\n\n<p class=\"gb-headline gb-headline-a68d5a56 gb-headline-text\">85%<\/p>\n\n<\/div>\n\n<div class=\"gb-container gb-container-26fc4ce7\">\n<div class=\"gb-container gb-container-e6840047\"><\/div>\n\n<div class=\"gb-container gb-container-77e0a178\"><\/div>\n<\/div>\n\n<div class=\"gb-container gb-container-14dc3063\">\n\n<p class=\"gb-headline gb-headline-c5548d93 gb-headline-text\">Bodybuilding<\/p>\n\n\n\n<p class=\"gb-headline gb-headline-a0e9e4ea gb-headline-text\">90%<\/p>\n\n<\/div>\n\n<div class=\"gb-container gb-container-9013a9c6\">\n<div class=\"gb-container gb-container-79cfc3c3\"><\/div>\n\n<div class=\"gb-container gb-container-de470a6a\"><\/div>\n<\/div>\n\n<div class=\"gb-container gb-container-9e304592\">\n\n<p class=\"gb-headline gb-headline-14773aa2 gb-headline-text\">ESPERIENZA<\/p>\n\n\n\n<p class=\"gb-headline gb-headline-73964e05 gb-headline-text\">95%<\/p>\n\n<\/div>\n\n<div class=\"gb-container gb-container-72e91cb5\">\n<div class=\"gb-container gb-container-daab9481\"><\/div>\n\n<div class=\"gb-container gb-container-a7c7e857\"><\/div>\n<\/div>\n\n\n<a class=\"gb-button gb-button-ca3b35ea\" href=\"https:\/\/boxeur-pro.fr\/it\/blog\/\" data-lasso-id=\"9\"><span class=\"gb-button-text\">Per saperne di pi\u00f9<\/span><span class=\"gb-icon\"><svg viewbox=\"0 0 247 165\" xmlns=\"http:\/\/www.w3.org\/2000\/svg\" data-name=\"Capa 1\"><path d=\"M33 0H0l66 82-66 83h33l66-83L33 0z\"><\/path><path d=\"M83 0H50l66 82-66 83h33l66-83L83 0z\"><\/path><path d=\"M181 0H99l66 82-66 83h82l66-83-66-82z\"><\/path><\/svg><\/span><\/a>\n\n<\/div>\n<\/section>\n\n<section class=\"gb-container gb-container-a68f7ee7\"><\/section>\n\n<section class=\"gb-container gb-container-72aaaf6c\"><\/section>\n\n<div class=\"gb-container gb-container-3a727908\">\n<div class=\"gb-container gb-container-82db11ce\">\n\n<h2 class=\"gb-headline gb-headline-53316e61\"><span class=\"gb-icon\"><svg viewbox=\"0 0 218.28 17.62\" xmlns=\"http:\/\/www.w3.org\/2000\/svg\" data-name=\"Capa 1\"><path d=\"M0 0h217.92v17.62H0z\"><\/path><\/svg><\/span><span class=\"gb-headline-text\">Chi siamo<\/span><\/h2>\n\n\n\n<p class=\"gb-headline gb-headline-9c28ba2a gb-headline-text\">Cosa offriamo<\/p>\n\n\n\n<p>Benvenuti su Boxeur-Pro, la vostra destinazione definitiva per tutto ci\u00f2 che riguarda il pugilato, adatta agli appassionati di tutti i livelli. Siamo orgogliosi di presentare un blog ricco e diversificato, pensato per i pugili e gli appassionati di questo esilarante sport. Ecco una panoramica di ci\u00f2 che troverete sulla nostra piattaforma:<\/p>\n\n\n\n<p><strong>1. Tutorial e tecniche :<\/strong> Offriamo una grande quantit\u00e0 di tutorial, video e articoli dettagliati che coprono tutto, dalle tecniche di base alle strategie avanzate. Che si tratti di un principiante che sta imparando a tirare correttamente un jab o di un professionista che vuole perfezionare il suo montante, le nostre risorse sono adatte a tutti i livelli.<\/p>\n\n\n\n<p><strong>2. Consigli per il fitness:<\/strong> La boxe \u00e8 una questione di forma fisica e di abilit\u00e0 tecnica. Il nostro blog offre programmi di allenamento personalizzati, consigli nutrizionali, routine di rafforzamento muscolare e strategie di recupero per massimizzare le prestazioni.<\/p>\n\n\n\n<p><strong>3. Apparecchiature e avvisi :<\/strong> Scoprite le nostre guide complete e le recensioni imparziali sulle attrezzature per la boxe, dai guantoni ai sacchi da boxe. <a href=\"https:\/\/boxeur-pro.fr\/it\/boxe\/meilleur-sac-de-frappe-boxe\/\">colpito<\/a> e scarpe da boxe. Vi aiuteremo a scegliere l'attrezzatura migliore per le vostre esigenze e il vostro budget.<\/p>\n\n\n\n<p><strong>4. Psicologia e strategia :<\/strong> La boxe \u00e8 anche un gioco mentale. Esploriamo gli aspetti psicologici di questo sport, offrendo consigli sulla gestione dello stress, sulla preparazione mentale prima di un incontro e sulle tecniche per rimanere concentrati e sicuri sotto pressione.<\/p>\n\n\n\n<p><strong>5. Interviste e profili :<\/strong> Immergetevi nelle storie ispiratrici di pugili professionisti e dilettanti attraverso interviste e profili dettagliati. Scoprite il loro background, le loro sfide e le motivazioni che li spingono a salire sul ring.<\/p>\n\n\n\n<p><strong>6. Notizie ed eventi:<\/strong> Rimanete aggiornati sulle ultime notizie dal mondo della boxe, compresi gli annunci dei combattimenti, i risultati e le analisi dei principali eventi. Non perdetevi i momenti chiave di questo sport dinamico.<\/p>\n\n\n\n<p><strong>7. Comunit\u00e0 e interazione :<\/strong> Boxeur-Pro non \u00e8 solo una fonte di informazioni, ma anche una comunit\u00e0. Partecipate ai nostri forum di discussione, condividete le vostre esperienze, fate domande e mettetevi in contatto con altri appassionati di boxe di tutto il mondo.<\/p>\n\n\n\n<p><strong>8. Sezione per <a href=\"https:\/\/boxeur-pro.fr\/it\/boxe\/mike-tyson-enfants\/\">I bambini<\/a> e adolescenti :<\/strong> Coltiviamo i giovani talenti offrendo risorse specifiche per i pugili in erba, tra cui consigli per l'allenamento, tecniche di sicurezza e strategie per conciliare lo sport con lo studio.<\/p>\n\n\n\n<p><strong>9. Salute e sicurezza:<\/strong> La sicurezza \u00e8 fondamentale nella boxe. Il nostro blog si concentra sulle migliori pratiche per evitare infortuni, sul primo soccorso in caso di necessit\u00e0 e sui metodi di prevenzione.<\/p>\n\n\n\n<a class=\"gb-button gb-button-85a81b19\" href=\"https:\/\/boxeur-pro.fr\/it\/blog\/\" data-lasso-id=\"10\"><span class=\"gb-button-text\">notizie<\/span><span class=\"gb-icon\"><svg viewbox=\"0 0 247 165\" xmlns=\"http:\/\/www.w3.org\/2000\/svg\" data-name=\"Capa 1\"><path d=\"M33 0H0l66 82-66 83h33l66-83L33 0z\"><\/path><path d=\"M83 0H50l66 82-66 83h33l66-83L83 0z\"><\/path><path d=\"M181 0H99l66 82-66 83h82l66-83-66-82z\"><\/path><\/svg><\/span><\/a>\n\n<\/div>\n<\/div>","protected":false},"excerpt":{"rendered":"<p>Bienvenue dans le monde de la boxe La seule passion dont vous aurez besoin Bienvenue dans le monde de la boxe ! Un univers o\u00f9 force, discipline et strat\u00e9gie se rencontrent pour cr\u00e9er un sport passionnant et exigeant. Que vous soyez d\u00e9butant ou exp\u00e9riment\u00e9, la boxe offre une aventure unique, &#8230; <a title=\"Chi siamo\" class=\"read-more\" href=\"https:\/\/boxeur-pro.fr\/it\/a-propos\/\" aria-label=\"Per saperne di pi\u00f9 su \u00c0 propos\">Leggi tutto<\/a><\/p>","protected":false},"author":2,"featured_media":0,"parent":0,"menu_order":0,"comment_status":"closed","ping_status":"closed","template":"","meta":{"footnotes":""},"class_list":["post-45","page","type-page","status-publish"],"yoast_head":"<!-- This site is optimized with the Yoast SEO plugin v27.6 - https:\/\/yoast.com\/product\/yoast-seo-wordpress\/ -->\n<title>\u00c0 propos - Boxeur PRO<\/title>\n<meta name=\"description\" content=\"D\u00e9couvrez le monde passionnant de la boxe sur notre blog - des techniques de base aux strat\u00e9gies avanc\u00e9es, conseils d&#039;entra\u00eenement\" \/>\n<meta name=\"robots\" content=\"index, follow, max-snippet:-1, max-image-preview:large, max-video-preview:-1\" \/>\n<link rel=\"canonical\" href=\"https:\/\/boxeur-pro.fr\/it\/a-propos\/\" \/>\n<meta property=\"og:locale\" content=\"it_IT\" \/>\n<meta property=\"og:type\" content=\"article\" \/>\n<meta property=\"og:title\" content=\"\u00c0 propos - Boxeur PRO\" \/>\n<meta property=\"og:description\" content=\"D\u00e9couvrez le monde passionnant de la boxe sur notre blog - des techniques de base aux strat\u00e9gies avanc\u00e9es, conseils d&#039;entra\u00eenement\" \/>\n<meta property=\"og:url\" content=\"https:\/\/boxeur-pro.fr\/it\/a-propos\/\" \/>\n<meta property=\"og:site_name\" content=\"Boxeur PRO\" \/>\n<meta property=\"article:modified_time\" content=\"2024-01-22T09:57:46+00:00\" \/>\n<meta name=\"twitter:card\" content=\"summary_large_image\" \/>\n<meta name=\"twitter:label1\" content=\"Tempo di lettura stimato\" \/>\n\t<meta name=\"twitter:data1\" content=\"3 minuti\" \/>\n<script type=\"application\/ld+json\" class=\"yoast-schema-graph\">{\"@context\":\"https:\\\/\\\/schema.org\",\"@graph\":[{\"@type\":\"WebPage\",\"@id\":\"https:\\\/\\\/boxeur-pro.fr\\\/it\\\/a-propos\\\/\",\"url\":\"https:\\\/\\\/boxeur-pro.fr\\\/it\\\/a-propos\\\/\",\"name\":\"\u00c0 propos - Boxeur PRO\",\"isPartOf\":{\"@id\":\"https:\\\/\\\/boxeur-pro.fr\\\/it\\\/#website\"},\"datePublished\":\"2022-03-28T18:29:05+00:00\",\"dateModified\":\"2024-01-22T09:57:46+00:00\",\"description\":\"D\u00e9couvrez le monde passionnant de la boxe sur notre blog - des techniques de base aux strat\u00e9gies avanc\u00e9es, conseils d'entra\u00eenement\",\"breadcrumb\":{\"@id\":\"https:\\\/\\\/boxeur-pro.fr\\\/it\\\/a-propos\\\/#breadcrumb\"},\"inLanguage\":\"it-IT\",\"potentialAction\":[{\"@type\":\"ReadAction\",\"target\":[\"https:\\\/\\\/boxeur-pro.fr\\\/it\\\/a-propos\\\/\"]}]},{\"@type\":\"BreadcrumbList\",\"@id\":\"https:\\\/\\\/boxeur-pro.fr\\\/it\\\/a-propos\\\/#breadcrumb\",\"itemListElement\":[{\"@type\":\"ListItem\",\"position\":1,\"name\":\"Accueil\",\"item\":\"https:\\\/\\\/boxeur-pro.fr\\\/\"},{\"@type\":\"ListItem\",\"position\":2,\"name\":\"\u00c0 propos\"}]},{\"@type\":\"WebSite\",\"@id\":\"https:\\\/\\\/boxeur-pro.fr\\\/it\\\/#website\",\"url\":\"https:\\\/\\\/boxeur-pro.fr\\\/it\\\/\",\"name\":\"Boxeur PRO\",\"description\":\"\",\"publisher\":{\"@id\":\"https:\\\/\\\/boxeur-pro.fr\\\/it\\\/#organization\"},\"potentialAction\":[{\"@type\":\"SearchAction\",\"target\":{\"@type\":\"EntryPoint\",\"urlTemplate\":\"https:\\\/\\\/boxeur-pro.fr\\\/it\\\/?s={search_term_string}\"},\"query-input\":{\"@type\":\"PropertyValueSpecification\",\"valueRequired\":true,\"valueName\":\"search_term_string\"}}],\"inLanguage\":\"it-IT\"},{\"@type\":\"Organization\",\"@id\":\"https:\\\/\\\/boxeur-pro.fr\\\/it\\\/#organization\",\"name\":\"Boxeur PRO\",\"url\":\"https:\\\/\\\/boxeur-pro.fr\\\/it\\\/\",\"logo\":{\"@type\":\"ImageObject\",\"inLanguage\":\"it-IT\",\"@id\":\"https:\\\/\\\/boxeur-pro.fr\\\/it\\\/#\\\/schema\\\/logo\\\/image\\\/\",\"url\":\"https:\\\/\\\/boxeur-pro.fr\\\/wp-content\\\/uploads\\\/2024\\\/01\\\/LogoBoxeurProTransparent-1.png\",\"contentUrl\":\"https:\\\/\\\/boxeur-pro.fr\\\/wp-content\\\/uploads\\\/2024\\\/01\\\/LogoBoxeurProTransparent-1.png\",\"width\":709,\"height\":800,\"caption\":\"Boxeur PRO\"},\"image\":{\"@id\":\"https:\\\/\\\/boxeur-pro.fr\\\/it\\\/#\\\/schema\\\/logo\\\/image\\\/\"}}]}<\/script>\n<!-- \/ Yoast SEO plugin. -->","yoast_head_json":{"title":"Chi siamo - Boxeur PRO","description":"Scoprite l'entusiasmante mondo della boxe sul nostro blog: dalle tecniche di base alle strategie avanzate, ai consigli per l'allenamento e molto altro ancora.","robots":{"index":"index","follow":"follow","max-snippet":"max-snippet:-1","max-image-preview":"max-image-preview:large","max-video-preview":"max-video-preview:-1"},"canonical":"https:\/\/boxeur-pro.fr\/it\/a-propos\/","og_locale":"it_IT","og_type":"article","og_title":"\u00c0 propos - Boxeur PRO","og_description":"D\u00e9couvrez le monde passionnant de la boxe sur notre blog - des techniques de base aux strat\u00e9gies avanc\u00e9es, conseils d'entra\u00eenement","og_url":"https:\/\/boxeur-pro.fr\/it\/a-propos\/","og_site_name":"Boxeur PRO","article_modified_time":"2024-01-22T09:57:46+00:00","twitter_card":"summary_large_image","twitter_misc":{"Tempo di lettura stimato":"3 minuti"},"schema":{"@context":"https:\/\/schema.org","@graph":[{"@type":"WebPage","@id":"https:\/\/boxeur-pro.fr\/it\/a-propos\/","url":"https:\/\/boxeur-pro.fr\/it\/a-propos\/","name":"Chi siamo - Boxeur PRO","isPartOf":{"@id":"https:\/\/boxeur-pro.fr\/it\/#website"},"datePublished":"2022-03-28T18:29:05+00:00","dateModified":"2024-01-22T09:57:46+00:00","description":"Scoprite l'entusiasmante mondo della boxe sul nostro blog: dalle tecniche di base alle strategie avanzate, ai consigli per l'allenamento e molto altro ancora.","breadcrumb":{"@id":"https:\/\/boxeur-pro.fr\/it\/a-propos\/#breadcrumb"},"inLanguage":"it-IT","potentialAction":[{"@type":"ReadAction","target":["https:\/\/boxeur-pro.fr\/it\/a-propos\/"]}]},{"@type":"BreadcrumbList","@id":"https:\/\/boxeur-pro.fr\/it\/a-propos\/#breadcrumb","itemListElement":[{"@type":"ListItem","position":1,"name":"Accueil","item":"https:\/\/boxeur-pro.fr\/"},{"@type":"ListItem","position":2,"name":"\u00c0 propos"}]},{"@type":"WebSite","@id":"https:\/\/boxeur-pro.fr\/it\/#website","url":"https:\/\/boxeur-pro.fr\/it\/","name":"Boxer PRO","description":"","publisher":{"@id":"https:\/\/boxeur-pro.fr\/it\/#organization"},"potentialAction":[{"@type":"SearchAction","target":{"@type":"EntryPoint","urlTemplate":"https:\/\/boxeur-pro.fr\/it\/?s={search_term_string}"},"query-input":{"@type":"PropertyValueSpecification","valueRequired":true,"valueName":"search_term_string"}}],"inLanguage":"it-IT"},{"@type":"Organization","@id":"https:\/\/boxeur-pro.fr\/it\/#organization","name":"Boxer PRO","url":"https:\/\/boxeur-pro.fr\/it\/","logo":{"@type":"ImageObject","inLanguage":"it-IT","@id":"https:\/\/boxeur-pro.fr\/it\/#\/schema\/logo\/image\/","url":"https:\/\/boxeur-pro.fr\/wp-content\/uploads\/2024\/01\/LogoBoxeurProTransparent-1.png","contentUrl":"https:\/\/boxeur-pro.fr\/wp-content\/uploads\/2024\/01\/LogoBoxeurProTransparent-1.png","width":709,"height":800,"caption":"Boxeur PRO"},"image":{"@id":"https:\/\/boxeur-pro.fr\/it\/#\/schema\/logo\/image\/"}}]}},"_links":{"self":[{"href":"https:\/\/boxeur-pro.fr\/it\/wp-json\/wp\/v2\/pages\/45","targetHints":{"allow":["GET"]}}],"collection":[{"href":"https:\/\/boxeur-pro.fr\/it\/wp-json\/wp\/v2\/pages"}],"about":[{"href":"https:\/\/boxeur-pro.fr\/it\/wp-json\/wp\/v2\/types\/page"}],"author":[{"embeddable":true,"href":"https:\/\/boxeur-pro.fr\/it\/wp-json\/wp\/v2\/users\/2"}],"replies":[{"embeddable":true,"href":"https:\/\/boxeur-pro.fr\/it\/wp-json\/wp\/v2\/comments?post=45"}],"version-history":[{"count":7,"href":"https:\/\/boxeur-pro.fr\/it\/wp-json\/wp\/v2\/pages\/45\/revisions"}],"predecessor-version":[{"id":1226,"href":"https:\/\/boxeur-pro.fr\/it\/wp-json\/wp\/v2\/pages\/45\/revisions\/1226"}],"wp:attachment":[{"href":"https:\/\/boxeur-pro.fr\/it\/wp-json\/wp\/v2\/media?parent=45"}],"curies":[{"name":"wp","href":"https:\/\/api.w.org\/{rel}","templated":true}]}}