{"id":45,"date":"2022-03-28T19:29:05","date_gmt":"2022-03-28T18:29:05","guid":{"rendered":"https:\/\/workout.wordifysites.com\/?page_id=45"},"modified":"2024-01-22T10:57:46","modified_gmt":"2024-01-22T09:57:46","slug":"a-propos","status":"publish","type":"page","link":"https:\/\/boxeur-pro.fr\/pl\/a-propos\/","title":{"rendered":"O nas"},"content":{"rendered":"<section class=\"gb-container gb-container-1b08558f\">\n<div class=\"gb-container gb-container-314fd8e2\" style=\"background-image: url(https:\/\/boxeur-pro.fr\/wp-content\/uploads\/2022\/03\/risen-wang-20jX9b35r_M-unsplash-768x575.jpg);\"><\/div>\n\n<div class=\"gb-container gb-container-51361c10\">\n\n<h2 class=\"gb-headline gb-headline-efa10e8e icon-reversed\"><span class=\"gb-icon\"><svg viewbox=\"0 0 218.28 17.62\" xmlns=\"http:\/\/www.w3.org\/2000\/svg\" data-name=\"Capa 1\"><path d=\"M0 0h217.92v17.62H0z\"><\/path><\/svg><\/span><span class=\"gb-headline-text\">Witamy w \u015bwiecie boksu<\/span><\/h2>\n\n\n\n<p class=\"gb-headline gb-headline-1b7eec37 gb-headline-text\">Jedyna pasja, jakiej potrzebujesz<\/p>\n\n\n\n<p class=\"gb-headline gb-headline-31b0b9ce gb-headline-text\">Witamy w \u015bwiecie boksu! \u015awiat, w kt\u00f3rym si\u0142a, dyscyplina i strategia \u0142\u0105cz\u0105 si\u0119, tworz\u0105c ekscytuj\u0105cy i wymagaj\u0105cy sport. Niezale\u017cnie od tego, czy jeste\u015b pocz\u0105tkuj\u0105cym, czy do\u015bwiadczonym bokserem, boks oferuje wyj\u0105tkow\u0105 przygod\u0119 \u0142\u0105cz\u0105c\u0105 intensywno\u015b\u0107 fizyczn\u0105, rozw\u00f3j umys\u0142owy i rozw\u00f3j osobisty. Przygotuj si\u0119 na odkrycie si\u0142y swoich pi\u0119\u015bci i odporno\u015bci umys\u0142u. Wejd\u017a na ring i daj si\u0119 porwa\u0107 przygodzie!<\/p>\n\n\n\n<p>To jest m\u00f3j profil boksera: <\/p>\n\n\n<div class=\"gb-container gb-container-7eb44267\">\n\n<p class=\"gb-headline gb-headline-57c126fd gb-headline-text\">Techniczne<\/p>\n\n\n\n<p class=\"gb-headline gb-headline-a68d5a56 gb-headline-text\">85%<\/p>\n\n<\/div>\n\n<div class=\"gb-container gb-container-26fc4ce7\">\n<div class=\"gb-container gb-container-e6840047\"><\/div>\n\n<div class=\"gb-container gb-container-77e0a178\"><\/div>\n<\/div>\n\n<div class=\"gb-container gb-container-14dc3063\">\n\n<p class=\"gb-headline gb-headline-c5548d93 gb-headline-text\">Kulturystyka<\/p>\n\n\n\n<p class=\"gb-headline gb-headline-a0e9e4ea gb-headline-text\">90%<\/p>\n\n<\/div>\n\n<div class=\"gb-container gb-container-9013a9c6\">\n<div class=\"gb-container gb-container-79cfc3c3\"><\/div>\n\n<div class=\"gb-container gb-container-de470a6a\"><\/div>\n<\/div>\n\n<div class=\"gb-container gb-container-9e304592\">\n\n<p class=\"gb-headline gb-headline-14773aa2 gb-headline-text\">DO\u015aWIADCZENIE<\/p>\n\n\n\n<p class=\"gb-headline gb-headline-73964e05 gb-headline-text\">95%<\/p>\n\n<\/div>\n\n<div class=\"gb-container gb-container-72e91cb5\">\n<div class=\"gb-container gb-container-daab9481\"><\/div>\n\n<div class=\"gb-container gb-container-a7c7e857\"><\/div>\n<\/div>\n\n\n<a class=\"gb-button gb-button-ca3b35ea\" href=\"https:\/\/boxeur-pro.fr\/pl\/blog\/\" data-lasso-id=\"9\"><span class=\"gb-button-text\">Dowiedz si\u0119 wi\u0119cej<\/span><span class=\"gb-icon\"><svg viewbox=\"0 0 247 165\" xmlns=\"http:\/\/www.w3.org\/2000\/svg\" data-name=\"Capa 1\"><path d=\"M33 0H0l66 82-66 83h33l66-83L33 0z\"><\/path><path d=\"M83 0H50l66 82-66 83h33l66-83L83 0z\"><\/path><path d=\"M181 0H99l66 82-66 83h82l66-83-66-82z\"><\/path><\/svg><\/span><\/a>\n\n<\/div>\n<\/section>\n\n<section class=\"gb-container gb-container-a68f7ee7\"><\/section>\n\n<section class=\"gb-container gb-container-72aaaf6c\"><\/section>\n\n<div class=\"gb-container gb-container-3a727908\">\n<div class=\"gb-container gb-container-82db11ce\">\n\n<h2 class=\"gb-headline gb-headline-53316e61\"><span class=\"gb-icon\"><svg viewbox=\"0 0 218.28 17.62\" xmlns=\"http:\/\/www.w3.org\/2000\/svg\" data-name=\"Capa 1\"><path d=\"M0 0h217.92v17.62H0z\"><\/path><\/svg><\/span><span class=\"gb-headline-text\">Kim jeste\u015bmy<\/span><\/h2>\n\n\n\n<p class=\"gb-headline gb-headline-9c28ba2a gb-headline-text\">Co oferujemy<\/p>\n\n\n\n<p>Witamy w Boxeur-Pro, miejscu docelowym dla wszystkich rzeczy zwi\u0105zanych z boksem, dostosowanym do entuzjast\u00f3w na wszystkich poziomach. Z dum\u0105 prezentujemy bogaty i zr\u00f3\u017cnicowany blog, przeznaczony dla bokser\u00f3w i fan\u00f3w tego ekscytuj\u0105cego sportu. Oto przegl\u0105d tego, co znajdziesz na naszej platformie:<\/p>\n\n\n\n<p><strong>1. Samouczki i techniki :<\/strong> Oferujemy mn\u00f3stwo szczeg\u00f3\u0142owych samouczk\u00f3w, film\u00f3w i artyku\u0142\u00f3w obejmuj\u0105cych wszystko, od podstawowych technik po zaawansowane strategie. Niezale\u017cnie od tego, czy jeste\u015b pocz\u0105tkuj\u0105cym, kt\u00f3ry uczy si\u0119 poprawnie rzuca\u0107 ciosy, czy profesjonalist\u0105, kt\u00f3ry chce udoskonali\u0107 swoje uderzenia, nasze zasoby s\u0105 odpowiednie dla wszystkich poziom\u00f3w.<\/p>\n\n\n\n<p><strong>2. Porady fitness:<\/strong> W boksie liczy si\u0119 zar\u00f3wno kondycja, jak i umiej\u0119tno\u015bci techniczne. Nasz blog oferuje spersonalizowane programy treningowe, porady \u017cywieniowe, procedury wzmacniania mi\u0119\u015bni i strategie regeneracji, aby zmaksymalizowa\u0107 wydajno\u015b\u0107.<\/p>\n\n\n\n<p><strong>3. Sprz\u0119t i uwagi :<\/strong> Odkryj nasze kompleksowe przewodniki i bezstronne recenzje sprz\u0119tu bokserskiego - od r\u0119kawic i ochraniaczy po worki bokserskie. <a href=\"https:\/\/boxeur-pro.fr\/pl\/boxe\/meilleur-sac-de-frappe-boxe\/\">trafienie<\/a> i buty bokserskie. Pomo\u017cemy Ci wybra\u0107 najlepszy sprz\u0119t dla Twoich potrzeb i bud\u017cetu.<\/p>\n\n\n\n<p><strong>4. Psychologia i strategia :<\/strong> Boks to tak\u017ce gra mentalna. Badamy psychologiczne aspekty tego sportu, oferuj\u0105c porady dotycz\u0105ce zarz\u0105dzania stresem, przygotowania psychicznego przed walk\u0105 oraz technik utrzymywania koncentracji i pewno\u015bci siebie pod presj\u0105.<\/p>\n\n\n\n<p><strong>5. Wywiady i profile :<\/strong> Zanurz si\u0119 w inspiruj\u0105cych historiach zawodowych i amatorskich bokser\u00f3w dzi\u0119ki wywiadom i szczeg\u00f3\u0142owym profilom. Odkryj ich pochodzenie, wyzwania i to, co motywuje ich do wej\u015bcia na ring.<\/p>\n\n\n\n<p><strong>6. Wiadomo\u015bci i wydarzenia :<\/strong> B\u0105d\u017a na bie\u017c\u0105co z najnowszymi wiadomo\u015bciami ze \u015bwiata boksu, w tym z zapowiedziami walk, wynikami i analizami najwa\u017cniejszych wydarze\u0144. Nie przegap \u017cadnego kluczowego momentu w tym dynamicznym sporcie.<\/p>\n\n\n\n<p><strong>7. Spo\u0142eczno\u015b\u0107 i interakcja :<\/strong> Boxeur-Pro to nie tylko \u017ar\u00f3d\u0142o informacji, ale tak\u017ce spo\u0142eczno\u015b\u0107. Do\u0142\u0105cz do naszych for\u00f3w dyskusyjnych, dziel si\u0119 swoimi do\u015bwiadczeniami, zadawaj pytania i \u0142\u0105cz si\u0119 z innymi entuzjastami boksu z ca\u0142ego \u015bwiata.<\/p>\n\n\n\n<p><strong>8. Sekcja dla <a href=\"https:\/\/boxeur-pro.fr\/pl\/boxe\/mike-tyson-enfants\/\">Dzieci<\/a> i nastolatk\u00f3w:<\/strong> Piel\u0119gnujemy m\u0142ode talenty, oferuj\u0105c specjalne zasoby dla pocz\u0105tkuj\u0105cych bokser\u00f3w, w tym wskaz\u00f3wki treningowe, techniki bezpiecze\u0144stwa i strategie r\u00f3wnowa\u017cenia sportu z nauk\u0105.<\/p>\n\n\n\n<p><strong>9. Zdrowie i bezpiecze\u0144stwo :<\/strong> Bezpiecze\u0144stwo w boksie jest najwa\u017cniejsze. Nasz blog koncentruje si\u0119 na najlepszych praktykach unikania kontuzji, pierwszej pomocy w razie potrzeby i metodach zapobiegania.<\/p>\n\n\n\n<a class=\"gb-button gb-button-85a81b19\" href=\"https:\/\/boxeur-pro.fr\/pl\/blog\/\" data-lasso-id=\"10\"><span class=\"gb-button-text\">wiadomo\u015bci<\/span><span class=\"gb-icon\"><svg viewbox=\"0 0 247 165\" xmlns=\"http:\/\/www.w3.org\/2000\/svg\" data-name=\"Capa 1\"><path d=\"M33 0H0l66 82-66 83h33l66-83L33 0z\"><\/path><path d=\"M83 0H50l66 82-66 83h33l66-83L83 0z\"><\/path><path d=\"M181 0H99l66 82-66 83h82l66-83-66-82z\"><\/path><\/svg><\/span><\/a>\n\n<\/div>\n<\/div>","protected":false},"excerpt":{"rendered":"<p>Bienvenue dans le monde de la boxe La seule passion dont vous aurez besoin Bienvenue dans le monde de la boxe ! Un univers o\u00f9 force, discipline et strat\u00e9gie se rencontrent pour cr\u00e9er un sport passionnant et exigeant. Que vous soyez d\u00e9butant ou exp\u00e9riment\u00e9, la boxe offre une aventure unique, &#8230; <a title=\"O nas\" class=\"read-more\" href=\"https:\/\/boxeur-pro.fr\/pl\/a-propos\/\" aria-label=\"Dowiedz si\u0119 wi\u0119cej o \u00c0 propos\">Czytaj dalej<\/a><\/p>","protected":false},"author":2,"featured_media":0,"parent":0,"menu_order":0,"comment_status":"closed","ping_status":"closed","template":"","meta":{"footnotes":""},"class_list":["post-45","page","type-page","status-publish"],"yoast_head":"<!-- This site is optimized with the Yoast SEO plugin v27.4 - https:\/\/yoast.com\/product\/yoast-seo-wordpress\/ -->\n<title>\u00c0 propos - Boxeur PRO<\/title>\n<meta name=\"description\" content=\"D\u00e9couvrez le monde passionnant de la boxe sur notre blog - des techniques de base aux strat\u00e9gies avanc\u00e9es, conseils d&#039;entra\u00eenement\" \/>\n<meta name=\"robots\" content=\"index, follow, max-snippet:-1, max-image-preview:large, max-video-preview:-1\" \/>\n<link rel=\"canonical\" href=\"https:\/\/boxeur-pro.fr\/pl\/a-propos\/\" \/>\n<meta property=\"og:locale\" content=\"pl_PL\" \/>\n<meta property=\"og:type\" content=\"article\" \/>\n<meta property=\"og:title\" content=\"\u00c0 propos - Boxeur PRO\" \/>\n<meta property=\"og:description\" content=\"D\u00e9couvrez le monde passionnant de la boxe sur notre blog - des techniques de base aux strat\u00e9gies avanc\u00e9es, conseils d&#039;entra\u00eenement\" \/>\n<meta property=\"og:url\" content=\"https:\/\/boxeur-pro.fr\/pl\/a-propos\/\" \/>\n<meta property=\"og:site_name\" content=\"Boxeur PRO\" \/>\n<meta property=\"article:modified_time\" content=\"2024-01-22T09:57:46+00:00\" \/>\n<meta name=\"twitter:card\" content=\"summary_large_image\" \/>\n<meta name=\"twitter:label1\" content=\"Szacowany czas czytania\" \/>\n\t<meta name=\"twitter:data1\" content=\"3 minuty\" \/>\n<script type=\"application\/ld+json\" class=\"yoast-schema-graph\">{\"@context\":\"https:\\\/\\\/schema.org\",\"@graph\":[{\"@type\":\"WebPage\",\"@id\":\"https:\\\/\\\/boxeur-pro.fr\\\/pl\\\/a-propos\\\/\",\"url\":\"https:\\\/\\\/boxeur-pro.fr\\\/pl\\\/a-propos\\\/\",\"name\":\"\u00c0 propos - Boxeur PRO\",\"isPartOf\":{\"@id\":\"https:\\\/\\\/boxeur-pro.fr\\\/pl\\\/#website\"},\"datePublished\":\"2022-03-28T18:29:05+00:00\",\"dateModified\":\"2024-01-22T09:57:46+00:00\",\"description\":\"D\u00e9couvrez le monde passionnant de la boxe sur notre blog - des techniques de base aux strat\u00e9gies avanc\u00e9es, conseils d'entra\u00eenement\",\"breadcrumb\":{\"@id\":\"https:\\\/\\\/boxeur-pro.fr\\\/pl\\\/a-propos\\\/#breadcrumb\"},\"inLanguage\":\"pl-PL\",\"potentialAction\":[{\"@type\":\"ReadAction\",\"target\":[\"https:\\\/\\\/boxeur-pro.fr\\\/pl\\\/a-propos\\\/\"]}]},{\"@type\":\"BreadcrumbList\",\"@id\":\"https:\\\/\\\/boxeur-pro.fr\\\/pl\\\/a-propos\\\/#breadcrumb\",\"itemListElement\":[{\"@type\":\"ListItem\",\"position\":1,\"name\":\"Accueil\",\"item\":\"https:\\\/\\\/boxeur-pro.fr\\\/\"},{\"@type\":\"ListItem\",\"position\":2,\"name\":\"\u00c0 propos\"}]},{\"@type\":\"WebSite\",\"@id\":\"https:\\\/\\\/boxeur-pro.fr\\\/pl\\\/#website\",\"url\":\"https:\\\/\\\/boxeur-pro.fr\\\/pl\\\/\",\"name\":\"Boxeur PRO\",\"description\":\"\",\"publisher\":{\"@id\":\"https:\\\/\\\/boxeur-pro.fr\\\/pl\\\/#organization\"},\"potentialAction\":[{\"@type\":\"SearchAction\",\"target\":{\"@type\":\"EntryPoint\",\"urlTemplate\":\"https:\\\/\\\/boxeur-pro.fr\\\/pl\\\/?s={search_term_string}\"},\"query-input\":{\"@type\":\"PropertyValueSpecification\",\"valueRequired\":true,\"valueName\":\"search_term_string\"}}],\"inLanguage\":\"pl-PL\"},{\"@type\":\"Organization\",\"@id\":\"https:\\\/\\\/boxeur-pro.fr\\\/pl\\\/#organization\",\"name\":\"Boxeur PRO\",\"url\":\"https:\\\/\\\/boxeur-pro.fr\\\/pl\\\/\",\"logo\":{\"@type\":\"ImageObject\",\"inLanguage\":\"pl-PL\",\"@id\":\"https:\\\/\\\/boxeur-pro.fr\\\/pl\\\/#\\\/schema\\\/logo\\\/image\\\/\",\"url\":\"https:\\\/\\\/boxeur-pro.fr\\\/wp-content\\\/uploads\\\/2024\\\/01\\\/LogoBoxeurProTransparent-1.png\",\"contentUrl\":\"https:\\\/\\\/boxeur-pro.fr\\\/wp-content\\\/uploads\\\/2024\\\/01\\\/LogoBoxeurProTransparent-1.png\",\"width\":709,\"height\":800,\"caption\":\"Boxeur PRO\"},\"image\":{\"@id\":\"https:\\\/\\\/boxeur-pro.fr\\\/pl\\\/#\\\/schema\\\/logo\\\/image\\\/\"}}]}<\/script>\n<!-- \/ Yoast SEO plugin. -->","yoast_head_json":{"title":"O nas - Boxeur PRO","description":"Odkryj ekscytuj\u0105cy \u015bwiat boksu na naszym blogu - od podstawowych technik po zaawansowane strategie, wskaz\u00f3wki treningowe i nie tylko.","robots":{"index":"index","follow":"follow","max-snippet":"max-snippet:-1","max-image-preview":"max-image-preview:large","max-video-preview":"max-video-preview:-1"},"canonical":"https:\/\/boxeur-pro.fr\/pl\/a-propos\/","og_locale":"pl_PL","og_type":"article","og_title":"\u00c0 propos - Boxeur PRO","og_description":"D\u00e9couvrez le monde passionnant de la boxe sur notre blog - des techniques de base aux strat\u00e9gies avanc\u00e9es, conseils d'entra\u00eenement","og_url":"https:\/\/boxeur-pro.fr\/pl\/a-propos\/","og_site_name":"Boxeur PRO","article_modified_time":"2024-01-22T09:57:46+00:00","twitter_card":"summary_large_image","twitter_misc":{"Szacowany czas czytania":"3 minuty"},"schema":{"@context":"https:\/\/schema.org","@graph":[{"@type":"WebPage","@id":"https:\/\/boxeur-pro.fr\/pl\/a-propos\/","url":"https:\/\/boxeur-pro.fr\/pl\/a-propos\/","name":"O nas - Boxeur PRO","isPartOf":{"@id":"https:\/\/boxeur-pro.fr\/pl\/#website"},"datePublished":"2022-03-28T18:29:05+00:00","dateModified":"2024-01-22T09:57:46+00:00","description":"Odkryj ekscytuj\u0105cy \u015bwiat boksu na naszym blogu - od podstawowych technik po zaawansowane strategie, wskaz\u00f3wki treningowe i nie tylko.","breadcrumb":{"@id":"https:\/\/boxeur-pro.fr\/pl\/a-propos\/#breadcrumb"},"inLanguage":"pl-PL","potentialAction":[{"@type":"ReadAction","target":["https:\/\/boxeur-pro.fr\/pl\/a-propos\/"]}]},{"@type":"BreadcrumbList","@id":"https:\/\/boxeur-pro.fr\/pl\/a-propos\/#breadcrumb","itemListElement":[{"@type":"ListItem","position":1,"name":"Accueil","item":"https:\/\/boxeur-pro.fr\/"},{"@type":"ListItem","position":2,"name":"\u00c0 propos"}]},{"@type":"WebSite","@id":"https:\/\/boxeur-pro.fr\/pl\/#website","url":"https:\/\/boxeur-pro.fr\/pl\/","name":"PRO Boxer","description":"","publisher":{"@id":"https:\/\/boxeur-pro.fr\/pl\/#organization"},"potentialAction":[{"@type":"SearchAction","target":{"@type":"EntryPoint","urlTemplate":"https:\/\/boxeur-pro.fr\/pl\/?s={search_term_string}"},"query-input":{"@type":"PropertyValueSpecification","valueRequired":true,"valueName":"search_term_string"}}],"inLanguage":"pl-PL"},{"@type":"Organization","@id":"https:\/\/boxeur-pro.fr\/pl\/#organization","name":"PRO Boxer","url":"https:\/\/boxeur-pro.fr\/pl\/","logo":{"@type":"ImageObject","inLanguage":"pl-PL","@id":"https:\/\/boxeur-pro.fr\/pl\/#\/schema\/logo\/image\/","url":"https:\/\/boxeur-pro.fr\/wp-content\/uploads\/2024\/01\/LogoBoxeurProTransparent-1.png","contentUrl":"https:\/\/boxeur-pro.fr\/wp-content\/uploads\/2024\/01\/LogoBoxeurProTransparent-1.png","width":709,"height":800,"caption":"Boxeur PRO"},"image":{"@id":"https:\/\/boxeur-pro.fr\/pl\/#\/schema\/logo\/image\/"}}]}},"_links":{"self":[{"href":"https:\/\/boxeur-pro.fr\/pl\/wp-json\/wp\/v2\/pages\/45","targetHints":{"allow":["GET"]}}],"collection":[{"href":"https:\/\/boxeur-pro.fr\/pl\/wp-json\/wp\/v2\/pages"}],"about":[{"href":"https:\/\/boxeur-pro.fr\/pl\/wp-json\/wp\/v2\/types\/page"}],"author":[{"embeddable":true,"href":"https:\/\/boxeur-pro.fr\/pl\/wp-json\/wp\/v2\/users\/2"}],"replies":[{"embeddable":true,"href":"https:\/\/boxeur-pro.fr\/pl\/wp-json\/wp\/v2\/comments?post=45"}],"version-history":[{"count":7,"href":"https:\/\/boxeur-pro.fr\/pl\/wp-json\/wp\/v2\/pages\/45\/revisions"}],"predecessor-version":[{"id":1226,"href":"https:\/\/boxeur-pro.fr\/pl\/wp-json\/wp\/v2\/pages\/45\/revisions\/1226"}],"wp:attachment":[{"href":"https:\/\/boxeur-pro.fr\/pl\/wp-json\/wp\/v2\/media?parent=45"}],"curies":[{"name":"wp","href":"https:\/\/api.w.org\/{rel}","templated":true}]}}