{"id":3,"date":"2023-12-08T16:24:00","date_gmt":"2023-12-08T15:24:00","guid":{"rendered":"http:\/\/boxeur-pro.fr\/?page_id=3"},"modified":"2025-01-25T21:24:29","modified_gmt":"2025-01-25T20:24:29","slug":"informacao-juridica","status":"publish","type":"page","link":"https:\/\/boxeur-pro.fr\/pt\/politique-de-confidentialite\/","title":{"rendered":"Informa\u00e7\u00e3o jur\u00eddica"},"content":{"rendered":"<p>Em conformidade com as disposi\u00e7\u00f5es da Lei n.\u00ba 2004-575, de 21 de junho de 2004, relativa \u00e0 confian\u00e7a na economia digital, os utilizadores do s\u00edtio BoxeurPro s\u00e3o informados da identidade dos diferentes intervenientes na sua cria\u00e7\u00e3o e acompanhamento.<\/p>\n\n\n\n<h2 class=\"gb-headline gb-headline-a109d136 gb-headline-text\"><strong>Edi\u00e7\u00e3o do s\u00edtio\u00a0<\/strong><\/h2>\n\n\n\n<p>Este s\u00edtio, acess\u00edvel atrav\u00e9s do URL <a href=\"https:\/\/boxeur-pro.fr\/pt\/\" data-lasso-id=\"5460\">https:\/\/boxeur-pro.fr<\/a> (o \"S\u00edtio\"), \u00e9 publicado por :<br>DDIGITAL , sociedade com o capital social de 300 euros, inscrita na Conservat\u00f3ria do Registo Comercial de Nanterre sob o n\u00famero Nanterre B 909 520 884, com sede social em 41 rue Jean Bonal, 92250 La Garenne-Colombes, representada por Dylan SCHREIER, devidamente autorizado.<br>O n\u00famero de IVA individual do editor \u00e9: FR00909520884.<\/p>\n\n\n\n<h2 class=\"gb-headline gb-headline-9f7a8178 gb-headline-text\"><strong>Alojamento<\/strong><\/h2>\n\n\n\n<p>O Site \u00e9 alojado pela Hostinger International LTD, com sede social em 61 Lordou Vironos Street, 6023 Larnaca, Chipre, e que pode ser contactada da seguinte forma\u00a0<a href=\"https:\/\/www.hostinger.fr\/contact\" target=\"_blank\" rel=\"noopener\" data-lasso-id=\"5461\">https:\/\/www.hostinger.fr\/contact<\/a> (contacto por telefone ou correio eletr\u00f3nico: https:\/\/www.hostinger.fr\/contact).<\/p>\n\n\n\n<h2 class=\"gb-headline gb-headline-a56c637c gb-headline-text\"><strong>Diretor da publica\u00e7\u00e3o\u00a0<\/strong><\/h2>\n\n\n\n<p>O Diretor de Publica\u00e7\u00f5es do s\u00edtio \u00e9 Dylan SCHREIER .<\/p>\n\n\n\n<h2 class=\"gb-headline gb-headline-6beed3a1 gb-headline-text\"><strong>Contactar-nos\u00a0<\/strong><\/h2>\n\n\n\n<p>Por correio eletr\u00f3nico: hello@ddigital.fr<br>Por correio: DDIGITAL, 41 rue Jean Bonal, 92250 La Garenne-Colombes, Fran\u00e7a<\/p>\n\n\n\n<h2 class=\"gb-headline gb-headline-d6e6d6fc gb-headline-text\"><strong>Dados pessoais<\/strong><\/h2>\n\n\n\n<p>O tratamento dos seus dados pessoais \u00e9 regido pela nossa Carta de Privacidade, dispon\u00edvel na sec\u00e7\u00e3o \"Carta de Prote\u00e7\u00e3o de Dados Pessoais\", em conformidade com o Regulamento Geral de Prote\u00e7\u00e3o de Dados 2016\/679 de 27 de abril de 2016 (\"RGPD\").<\/p>\n\n\n\n<p>Gera\u00e7\u00e3o de avisos legais por <a href=\"https:\/\/www.legalstart.fr\/\" data-lasso-id=\"5462\">Legalstart<\/a>.<\/p>","protected":false},"excerpt":{"rendered":"<p>Conform\u00e9ment aux dispositions de la loi n\u00b0 2004-575 du 21 juin 2004 pour la confiance en l&rsquo;\u00e9conomie num\u00e9rique, il est pr\u00e9cis\u00e9 aux utilisateurs du site BoxeurPro l&rsquo;identit\u00e9 des diff\u00e9rents intervenants dans le cadre de sa r\u00e9alisation et de son suivi. Edition du site\u00a0 Le pr\u00e9sent site, accessible \u00e0 l\u2019URL https:\/\/boxeur-pro.fr &#8230; <a title=\"Informa\u00e7\u00e3o jur\u00eddica\" class=\"read-more\" href=\"https:\/\/boxeur-pro.fr\/pt\/politique-de-confidentialite\/\" aria-label=\"Leia mais sobre Mentions l\u00e9gales\">Ler mais<\/a><\/p>","protected":false},"author":1,"featured_media":0,"parent":0,"menu_order":0,"comment_status":"closed","ping_status":"closed","template":"","meta":{"footnotes":""},"class_list":["post-3","page","type-page","status-publish"],"yoast_head":"<!-- This site is optimized with the Yoast SEO plugin v27.4 - https:\/\/yoast.com\/product\/yoast-seo-wordpress\/ -->\n<title>Mentions l\u00e9gales - Boxeur PRO<\/title>\n<meta name=\"description\" content=\"Rejoignez la communaut\u00e9 Boxeur-Pro pour tout savoir sur la boxe : tutoriels, fitness, psychologie du sport, actualit\u00e9s et bien plus.\" \/>\n<meta name=\"robots\" content=\"index, follow, max-snippet:-1, max-image-preview:large, max-video-preview:-1\" \/>\n<link rel=\"canonical\" href=\"https:\/\/boxeur-pro.fr\/pt\/politica-de-privacidade\/\" \/>\n<meta property=\"og:locale\" content=\"pt_PT\" \/>\n<meta property=\"og:type\" content=\"article\" \/>\n<meta property=\"og:title\" content=\"Mentions l\u00e9gales - Boxeur PRO\" \/>\n<meta property=\"og:description\" content=\"Rejoignez la communaut\u00e9 Boxeur-Pro pour tout savoir sur la boxe : tutoriels, fitness, psychologie du sport, actualit\u00e9s et bien plus.\" \/>\n<meta property=\"og:url\" content=\"https:\/\/boxeur-pro.fr\/pt\/politica-de-privacidade\/\" \/>\n<meta property=\"og:site_name\" content=\"Boxeur PRO\" \/>\n<meta property=\"article:modified_time\" content=\"2025-01-25T20:24:29+00:00\" \/>\n<meta name=\"twitter:card\" content=\"summary_large_image\" \/>\n<meta name=\"twitter:label1\" content=\"Tempo estimado de leitura\" \/>\n\t<meta name=\"twitter:data1\" content=\"2 minutos\" \/>\n<script type=\"application\/ld+json\" class=\"yoast-schema-graph\">{\"@context\":\"https:\\\/\\\/schema.org\",\"@graph\":[{\"@type\":\"WebPage\",\"@id\":\"https:\\\/\\\/boxeur-pro.fr\\\/pt\\\/politique-de-confidentialite\\\/\",\"url\":\"https:\\\/\\\/boxeur-pro.fr\\\/pt\\\/politique-de-confidentialite\\\/\",\"name\":\"Mentions l\u00e9gales - Boxeur PRO\",\"isPartOf\":{\"@id\":\"https:\\\/\\\/boxeur-pro.fr\\\/pt\\\/#website\"},\"datePublished\":\"2023-12-08T15:24:00+00:00\",\"dateModified\":\"2025-01-25T20:24:29+00:00\",\"description\":\"Rejoignez la communaut\u00e9 Boxeur-Pro pour tout savoir sur la boxe : tutoriels, fitness, psychologie du sport, actualit\u00e9s et bien plus.\",\"breadcrumb\":{\"@id\":\"https:\\\/\\\/boxeur-pro.fr\\\/pt\\\/politique-de-confidentialite\\\/#breadcrumb\"},\"inLanguage\":\"pt-PT\",\"potentialAction\":[{\"@type\":\"ReadAction\",\"target\":[\"https:\\\/\\\/boxeur-pro.fr\\\/pt\\\/politique-de-confidentialite\\\/\"]}]},{\"@type\":\"BreadcrumbList\",\"@id\":\"https:\\\/\\\/boxeur-pro.fr\\\/pt\\\/politique-de-confidentialite\\\/#breadcrumb\",\"itemListElement\":[{\"@type\":\"ListItem\",\"position\":1,\"name\":\"Accueil\",\"item\":\"https:\\\/\\\/boxeur-pro.fr\\\/\"},{\"@type\":\"ListItem\",\"position\":2,\"name\":\"Mentions l\u00e9gales\"}]},{\"@type\":\"WebSite\",\"@id\":\"https:\\\/\\\/boxeur-pro.fr\\\/pt\\\/#website\",\"url\":\"https:\\\/\\\/boxeur-pro.fr\\\/pt\\\/\",\"name\":\"Boxeur PRO\",\"description\":\"\",\"publisher\":{\"@id\":\"https:\\\/\\\/boxeur-pro.fr\\\/pt\\\/#organization\"},\"potentialAction\":[{\"@type\":\"SearchAction\",\"target\":{\"@type\":\"EntryPoint\",\"urlTemplate\":\"https:\\\/\\\/boxeur-pro.fr\\\/pt\\\/?s={search_term_string}\"},\"query-input\":{\"@type\":\"PropertyValueSpecification\",\"valueRequired\":true,\"valueName\":\"search_term_string\"}}],\"inLanguage\":\"pt-PT\"},{\"@type\":\"Organization\",\"@id\":\"https:\\\/\\\/boxeur-pro.fr\\\/pt\\\/#organization\",\"name\":\"Boxeur PRO\",\"url\":\"https:\\\/\\\/boxeur-pro.fr\\\/pt\\\/\",\"logo\":{\"@type\":\"ImageObject\",\"inLanguage\":\"pt-PT\",\"@id\":\"https:\\\/\\\/boxeur-pro.fr\\\/pt\\\/#\\\/schema\\\/logo\\\/image\\\/\",\"url\":\"https:\\\/\\\/boxeur-pro.fr\\\/wp-content\\\/uploads\\\/2024\\\/01\\\/LogoBoxeurProTransparent-1.png\",\"contentUrl\":\"https:\\\/\\\/boxeur-pro.fr\\\/wp-content\\\/uploads\\\/2024\\\/01\\\/LogoBoxeurProTransparent-1.png\",\"width\":709,\"height\":800,\"caption\":\"Boxeur PRO\"},\"image\":{\"@id\":\"https:\\\/\\\/boxeur-pro.fr\\\/pt\\\/#\\\/schema\\\/logo\\\/image\\\/\"}}]}<\/script>\n<!-- \/ Yoast SEO plugin. -->","yoast_head_json":{"title":"Informa\u00e7\u00f5es legais - Boxeur PRO","description":"Junte-se \u00e0 comunidade Boxeur-Pro para saber tudo sobre boxe: tutoriais, fitness, psicologia desportiva, not\u00edcias e muito mais.","robots":{"index":"index","follow":"follow","max-snippet":"max-snippet:-1","max-image-preview":"max-image-preview:large","max-video-preview":"max-video-preview:-1"},"canonical":"https:\/\/boxeur-pro.fr\/pt\/politica-de-privacidade\/","og_locale":"pt_PT","og_type":"article","og_title":"Mentions l\u00e9gales - Boxeur PRO","og_description":"Rejoignez la communaut\u00e9 Boxeur-Pro pour tout savoir sur la boxe : tutoriels, fitness, psychologie du sport, actualit\u00e9s et bien plus.","og_url":"https:\/\/boxeur-pro.fr\/pt\/politica-de-privacidade\/","og_site_name":"Boxeur PRO","article_modified_time":"2025-01-25T20:24:29+00:00","twitter_card":"summary_large_image","twitter_misc":{"Tempo estimado de leitura":"2 minutos"},"schema":{"@context":"https:\/\/schema.org","@graph":[{"@type":"WebPage","@id":"https:\/\/boxeur-pro.fr\/pt\/politique-de-confidentialite\/","url":"https:\/\/boxeur-pro.fr\/pt\/politique-de-confidentialite\/","name":"Informa\u00e7\u00f5es legais - Boxeur PRO","isPartOf":{"@id":"https:\/\/boxeur-pro.fr\/pt\/#website"},"datePublished":"2023-12-08T15:24:00+00:00","dateModified":"2025-01-25T20:24:29+00:00","description":"Junte-se \u00e0 comunidade Boxeur-Pro para saber tudo sobre boxe: tutoriais, fitness, psicologia desportiva, not\u00edcias e muito mais.","breadcrumb":{"@id":"https:\/\/boxeur-pro.fr\/pt\/politique-de-confidentialite\/#breadcrumb"},"inLanguage":"pt-PT","potentialAction":[{"@type":"ReadAction","target":["https:\/\/boxeur-pro.fr\/pt\/politique-de-confidentialite\/"]}]},{"@type":"BreadcrumbList","@id":"https:\/\/boxeur-pro.fr\/pt\/politique-de-confidentialite\/#breadcrumb","itemListElement":[{"@type":"ListItem","position":1,"name":"Accueil","item":"https:\/\/boxeur-pro.fr\/"},{"@type":"ListItem","position":2,"name":"Mentions l\u00e9gales"}]},{"@type":"WebSite","@id":"https:\/\/boxeur-pro.fr\/pt\/#website","url":"https:\/\/boxeur-pro.fr\/pt\/","name":"Boxer PRO","description":"","publisher":{"@id":"https:\/\/boxeur-pro.fr\/pt\/#organization"},"potentialAction":[{"@type":"SearchAction","target":{"@type":"EntryPoint","urlTemplate":"https:\/\/boxeur-pro.fr\/pt\/?s={search_term_string}"},"query-input":{"@type":"PropertyValueSpecification","valueRequired":true,"valueName":"search_term_string"}}],"inLanguage":"pt-PT"},{"@type":"Organization","@id":"https:\/\/boxeur-pro.fr\/pt\/#organization","name":"Boxer PRO","url":"https:\/\/boxeur-pro.fr\/pt\/","logo":{"@type":"ImageObject","inLanguage":"pt-PT","@id":"https:\/\/boxeur-pro.fr\/pt\/#\/schema\/logo\/image\/","url":"https:\/\/boxeur-pro.fr\/wp-content\/uploads\/2024\/01\/LogoBoxeurProTransparent-1.png","contentUrl":"https:\/\/boxeur-pro.fr\/wp-content\/uploads\/2024\/01\/LogoBoxeurProTransparent-1.png","width":709,"height":800,"caption":"Boxeur PRO"},"image":{"@id":"https:\/\/boxeur-pro.fr\/pt\/#\/schema\/logo\/image\/"}}]}},"_links":{"self":[{"href":"https:\/\/boxeur-pro.fr\/pt\/wp-json\/wp\/v2\/pages\/3","targetHints":{"allow":["GET"]}}],"collection":[{"href":"https:\/\/boxeur-pro.fr\/pt\/wp-json\/wp\/v2\/pages"}],"about":[{"href":"https:\/\/boxeur-pro.fr\/pt\/wp-json\/wp\/v2\/types\/page"}],"author":[{"embeddable":true,"href":"https:\/\/boxeur-pro.fr\/pt\/wp-json\/wp\/v2\/users\/1"}],"replies":[{"embeddable":true,"href":"https:\/\/boxeur-pro.fr\/pt\/wp-json\/wp\/v2\/comments?post=3"}],"version-history":[{"count":8,"href":"https:\/\/boxeur-pro.fr\/pt\/wp-json\/wp\/v2\/pages\/3\/revisions"}],"predecessor-version":[{"id":3360,"href":"https:\/\/boxeur-pro.fr\/pt\/wp-json\/wp\/v2\/pages\/3\/revisions\/3360"}],"wp:attachment":[{"href":"https:\/\/boxeur-pro.fr\/pt\/wp-json\/wp\/v2\/media?parent=3"}],"curies":[{"name":"wp","href":"https:\/\/api.w.org\/{rel}","templated":true}]}}