{"id":45,"date":"2022-03-28T19:29:05","date_gmt":"2022-03-28T18:29:05","guid":{"rendered":"https:\/\/workout.wordifysites.com\/?page_id=45"},"modified":"2024-01-22T10:57:46","modified_gmt":"2024-01-22T09:57:46","slug":"a-propos","status":"publish","type":"page","link":"https:\/\/boxeur-pro.fr\/pt\/a-propos\/","title":{"rendered":"Sobre n\u00f3s"},"content":{"rendered":"<section class=\"gb-container gb-container-1b08558f\">\n<div class=\"gb-container gb-container-314fd8e2\" style=\"background-image: url(https:\/\/boxeur-pro.fr\/wp-content\/uploads\/2022\/03\/risen-wang-20jX9b35r_M-unsplash-768x575.jpg);\"><\/div>\n\n<div class=\"gb-container gb-container-51361c10\">\n\n<h2 class=\"gb-headline gb-headline-efa10e8e icon-reversed\"><span class=\"gb-icon\"><svg viewbox=\"0 0 218.28 17.62\" xmlns=\"http:\/\/www.w3.org\/2000\/svg\" data-name=\"Capa 1\"><path d=\"M0 0h217.92v17.62H0z\"><\/path><\/svg><\/span><span class=\"gb-headline-text\">Bem-vindo ao mundo do boxe<\/span><\/h2>\n\n\n\n<p class=\"gb-headline gb-headline-1b7eec37 gb-headline-text\">A \u00fanica paix\u00e3o de que precisa<\/p>\n\n\n\n<p class=\"gb-headline gb-headline-31b0b9ce gb-headline-text\">Bem-vindo ao mundo do boxe! Um mundo onde a for\u00e7a, a disciplina e a estrat\u00e9gia se unem para criar um desporto excitante e exigente. Quer se trate de um principiante ou de um pugilista experiente, o boxe oferece uma aventura \u00fanica que combina intensidade f\u00edsica, desenvolvimento mental e crescimento pessoal. Prepare-se para descobrir o poder dos seus punhos e a resili\u00eancia da sua mente. Entre no ringue e deixe a aventura come\u00e7ar!<\/p>\n\n\n\n<p>Este \u00e9 o meu perfil de boxer: <\/p>\n\n\n<div class=\"gb-container gb-container-7eb44267\">\n\n<p class=\"gb-headline gb-headline-57c126fd gb-headline-text\">T\u00e9cnica<\/p>\n\n\n\n<p class=\"gb-headline gb-headline-a68d5a56 gb-headline-text\">85%<\/p>\n\n<\/div>\n\n<div class=\"gb-container gb-container-26fc4ce7\">\n<div class=\"gb-container gb-container-e6840047\"><\/div>\n\n<div class=\"gb-container gb-container-77e0a178\"><\/div>\n<\/div>\n\n<div class=\"gb-container gb-container-14dc3063\">\n\n<p class=\"gb-headline gb-headline-c5548d93 gb-headline-text\">Muscula\u00e7\u00e3o<\/p>\n\n\n\n<p class=\"gb-headline gb-headline-a0e9e4ea gb-headline-text\">90%<\/p>\n\n<\/div>\n\n<div class=\"gb-container gb-container-9013a9c6\">\n<div class=\"gb-container gb-container-79cfc3c3\"><\/div>\n\n<div class=\"gb-container gb-container-de470a6a\"><\/div>\n<\/div>\n\n<div class=\"gb-container gb-container-9e304592\">\n\n<p class=\"gb-headline gb-headline-14773aa2 gb-headline-text\">EXPERI\u00caNCIA<\/p>\n\n\n\n<p class=\"gb-headline gb-headline-73964e05 gb-headline-text\">95%<\/p>\n\n<\/div>\n\n<div class=\"gb-container gb-container-72e91cb5\">\n<div class=\"gb-container gb-container-daab9481\"><\/div>\n\n<div class=\"gb-container gb-container-a7c7e857\"><\/div>\n<\/div>\n\n\n<a class=\"gb-button gb-button-ca3b35ea\" href=\"https:\/\/boxeur-pro.fr\/pt\/blogue\/\" data-lasso-id=\"9\"><span class=\"gb-button-text\">saber mais<\/span><span class=\"gb-icon\"><svg viewbox=\"0 0 247 165\" xmlns=\"http:\/\/www.w3.org\/2000\/svg\" data-name=\"Capa 1\"><path d=\"M33 0H0l66 82-66 83h33l66-83L33 0z\"><\/path><path d=\"M83 0H50l66 82-66 83h33l66-83L83 0z\"><\/path><path d=\"M181 0H99l66 82-66 83h82l66-83-66-82z\"><\/path><\/svg><\/span><\/a>\n\n<\/div>\n<\/section>\n\n<section class=\"gb-container gb-container-a68f7ee7\"><\/section>\n\n<section class=\"gb-container gb-container-72aaaf6c\"><\/section>\n\n<div class=\"gb-container gb-container-3a727908\">\n<div class=\"gb-container gb-container-82db11ce\">\n\n<h2 class=\"gb-headline gb-headline-53316e61\"><span class=\"gb-icon\"><svg viewbox=\"0 0 218.28 17.62\" xmlns=\"http:\/\/www.w3.org\/2000\/svg\" data-name=\"Capa 1\"><path d=\"M0 0h217.92v17.62H0z\"><\/path><\/svg><\/span><span class=\"gb-headline-text\">Quem somos<\/span><\/h2>\n\n\n\n<p class=\"gb-headline gb-headline-9c28ba2a gb-headline-text\">O que oferecemos<\/p>\n\n\n\n<p>Bem-vindo ao Boxeur-Pro, o seu destino final para tudo o que diz respeito ao boxe, adaptado a entusiastas de todos os n\u00edveis. Temos o orgulho de apresentar um blogue rico e diversificado, concebido para pugilistas e f\u00e3s deste desporto emocionante. Eis uma vis\u00e3o geral do que vai encontrar na nossa plataforma:<\/p>\n\n\n\n<p><strong>1. Tutoriais e t\u00e9cnicas :<\/strong> Oferecemos uma grande variedade de tutoriais, v\u00eddeos e artigos detalhados que abrangem tudo, desde t\u00e9cnicas b\u00e1sicas a estrat\u00e9gias avan\u00e7adas. Quer seja um principiante a aprender a lan\u00e7ar um jab corretamente ou um profissional que procura aperfei\u00e7oar o seu uppercut, os nossos recursos s\u00e3o adequados para todos os n\u00edveis.<\/p>\n\n\n\n<p><strong>2. Conselhos de fitness :<\/strong> O boxe tem tanto a ver com a condi\u00e7\u00e3o f\u00edsica como com a capacidade t\u00e9cnica. O nosso blogue oferece programas de treino personalizados, conselhos de nutri\u00e7\u00e3o, rotinas de fortalecimento muscular e estrat\u00e9gias de recupera\u00e7\u00e3o para maximizar o seu desempenho.<\/p>\n\n\n\n<p><strong>3. Equipamento e avisos :<\/strong> Descubra os nossos guias completos e an\u00e1lises imparciais de equipamento de boxe - desde luvas e protec\u00e7\u00f5es a sacos de boxe. <a href=\"https:\/\/boxeur-pro.fr\/pt\/boxe\/meilleur-sac-de-frappe-boxe\/\">atingido<\/a> e sapatos de boxe. Ajudamo-lo a escolher o melhor equipamento para as suas necessidades e or\u00e7amento.<\/p>\n\n\n\n<p><strong>4. Psicologia e estrat\u00e9gia :<\/strong> O boxe \u00e9 tamb\u00e9m um jogo mental. Exploramos os aspectos psicol\u00f3gicos do desporto, oferecendo conselhos sobre a gest\u00e3o do stress, a prepara\u00e7\u00e3o mental antes de um combate e t\u00e9cnicas para se manter concentrado e confiante sob press\u00e3o.<\/p>\n\n\n\n<p><strong>5. Entrevistas e perfis :<\/strong> Mergulhe nas hist\u00f3rias inspiradoras de pugilistas profissionais e amadores atrav\u00e9s de entrevistas e perfis pormenorizados. Descubra as suas origens, os seus desafios e o que os motiva a entrar no ringue.<\/p>\n\n\n\n<p><strong>6. Not\u00edcias e eventos :<\/strong> Mantenha-se atualizado com as \u00faltimas not\u00edcias do mundo do boxe, incluindo an\u00fancios de combates, resultados e an\u00e1lises dos principais eventos. N\u00e3o perca nenhum dos momentos-chave deste desporto din\u00e2mico.<\/p>\n\n\n\n<p><strong>7. Comunidade e intera\u00e7\u00e3o :<\/strong> O Boxeur-Pro n\u00e3o \u00e9 apenas uma fonte de informa\u00e7\u00e3o, mas tamb\u00e9m uma comunidade. Junte-se aos nossos f\u00f3runs de discuss\u00e3o, partilhe as suas experi\u00eancias, fa\u00e7a perguntas e ligue-se a outros entusiastas do boxe de todo o mundo.<\/p>\n\n\n\n<p><strong>8. Sec\u00e7\u00e3o de <a href=\"https:\/\/boxeur-pro.fr\/pt\/boxe\/mike-tyson-enfants\/\">Crian\u00e7as<\/a> e adolescentes :<\/strong> Incentivamos os jovens talentos, oferecendo recursos espec\u00edficos para os jovens pugilistas, incluindo conselhos de treino, t\u00e9cnicas de seguran\u00e7a e estrat\u00e9gias para conciliar o desporto com os estudos.<\/p>\n\n\n\n<p><strong>9. Sa\u00fade e seguran\u00e7a :<\/strong> A seguran\u00e7a \u00e9 fundamental no boxe. O nosso blogue centra-se nas melhores pr\u00e1ticas para evitar les\u00f5es, primeiros socorros em caso de necessidade e m\u00e9todos de preven\u00e7\u00e3o.<\/p>\n\n\n\n<a class=\"gb-button gb-button-85a81b19\" href=\"https:\/\/boxeur-pro.fr\/pt\/blogue\/\" data-lasso-id=\"10\"><span class=\"gb-button-text\">not\u00edcias<\/span><span class=\"gb-icon\"><svg viewbox=\"0 0 247 165\" xmlns=\"http:\/\/www.w3.org\/2000\/svg\" data-name=\"Capa 1\"><path d=\"M33 0H0l66 82-66 83h33l66-83L33 0z\"><\/path><path d=\"M83 0H50l66 82-66 83h33l66-83L83 0z\"><\/path><path d=\"M181 0H99l66 82-66 83h82l66-83-66-82z\"><\/path><\/svg><\/span><\/a>\n\n<\/div>\n<\/div>","protected":false},"excerpt":{"rendered":"<p>Bienvenue dans le monde de la boxe La seule passion dont vous aurez besoin Bienvenue dans le monde de la boxe ! Un univers o\u00f9 force, discipline et strat\u00e9gie se rencontrent pour cr\u00e9er un sport passionnant et exigeant. Que vous soyez d\u00e9butant ou exp\u00e9riment\u00e9, la boxe offre une aventure unique, &#8230; <a title=\"Sobre n\u00f3s\" class=\"read-more\" href=\"https:\/\/boxeur-pro.fr\/pt\/a-propos\/\" aria-label=\"Leia mais sobre \u00c0 propos\">Ler mais<\/a><\/p>","protected":false},"author":2,"featured_media":0,"parent":0,"menu_order":0,"comment_status":"closed","ping_status":"closed","template":"","meta":{"footnotes":""},"class_list":["post-45","page","type-page","status-publish"],"yoast_head":"<!-- This site is optimized with the Yoast SEO plugin v27.3 - https:\/\/yoast.com\/product\/yoast-seo-wordpress\/ -->\n<title>\u00c0 propos - Boxeur PRO<\/title>\n<meta name=\"description\" content=\"D\u00e9couvrez le monde passionnant de la boxe sur notre blog - des techniques de base aux strat\u00e9gies avanc\u00e9es, conseils d&#039;entra\u00eenement\" \/>\n<meta name=\"robots\" content=\"index, follow, max-snippet:-1, max-image-preview:large, max-video-preview:-1\" \/>\n<link rel=\"canonical\" href=\"https:\/\/boxeur-pro.fr\/pt\/a-propos\/\" \/>\n<meta property=\"og:locale\" content=\"pt_PT\" \/>\n<meta property=\"og:type\" content=\"article\" \/>\n<meta property=\"og:title\" content=\"\u00c0 propos - Boxeur PRO\" \/>\n<meta property=\"og:description\" content=\"D\u00e9couvrez le monde passionnant de la boxe sur notre blog - des techniques de base aux strat\u00e9gies avanc\u00e9es, conseils d&#039;entra\u00eenement\" \/>\n<meta property=\"og:url\" content=\"https:\/\/boxeur-pro.fr\/pt\/a-propos\/\" \/>\n<meta property=\"og:site_name\" content=\"Boxeur PRO\" \/>\n<meta property=\"article:modified_time\" content=\"2024-01-22T09:57:46+00:00\" \/>\n<meta name=\"twitter:card\" content=\"summary_large_image\" \/>\n<meta name=\"twitter:label1\" content=\"Tempo estimado de leitura\" \/>\n\t<meta name=\"twitter:data1\" content=\"3 minutos\" \/>\n<script type=\"application\/ld+json\" class=\"yoast-schema-graph\">{\"@context\":\"https:\\\/\\\/schema.org\",\"@graph\":[{\"@type\":\"WebPage\",\"@id\":\"https:\\\/\\\/boxeur-pro.fr\\\/pt\\\/a-propos\\\/\",\"url\":\"https:\\\/\\\/boxeur-pro.fr\\\/pt\\\/a-propos\\\/\",\"name\":\"\u00c0 propos - Boxeur PRO\",\"isPartOf\":{\"@id\":\"https:\\\/\\\/boxeur-pro.fr\\\/pt\\\/#website\"},\"datePublished\":\"2022-03-28T18:29:05+00:00\",\"dateModified\":\"2024-01-22T09:57:46+00:00\",\"description\":\"D\u00e9couvrez le monde passionnant de la boxe sur notre blog - des techniques de base aux strat\u00e9gies avanc\u00e9es, conseils d'entra\u00eenement\",\"breadcrumb\":{\"@id\":\"https:\\\/\\\/boxeur-pro.fr\\\/pt\\\/a-propos\\\/#breadcrumb\"},\"inLanguage\":\"pt-PT\",\"potentialAction\":[{\"@type\":\"ReadAction\",\"target\":[\"https:\\\/\\\/boxeur-pro.fr\\\/pt\\\/a-propos\\\/\"]}]},{\"@type\":\"BreadcrumbList\",\"@id\":\"https:\\\/\\\/boxeur-pro.fr\\\/pt\\\/a-propos\\\/#breadcrumb\",\"itemListElement\":[{\"@type\":\"ListItem\",\"position\":1,\"name\":\"Accueil\",\"item\":\"https:\\\/\\\/boxeur-pro.fr\\\/\"},{\"@type\":\"ListItem\",\"position\":2,\"name\":\"\u00c0 propos\"}]},{\"@type\":\"WebSite\",\"@id\":\"https:\\\/\\\/boxeur-pro.fr\\\/pt\\\/#website\",\"url\":\"https:\\\/\\\/boxeur-pro.fr\\\/pt\\\/\",\"name\":\"Boxeur PRO\",\"description\":\"\",\"publisher\":{\"@id\":\"https:\\\/\\\/boxeur-pro.fr\\\/pt\\\/#organization\"},\"potentialAction\":[{\"@type\":\"SearchAction\",\"target\":{\"@type\":\"EntryPoint\",\"urlTemplate\":\"https:\\\/\\\/boxeur-pro.fr\\\/pt\\\/?s={search_term_string}\"},\"query-input\":{\"@type\":\"PropertyValueSpecification\",\"valueRequired\":true,\"valueName\":\"search_term_string\"}}],\"inLanguage\":\"pt-PT\"},{\"@type\":\"Organization\",\"@id\":\"https:\\\/\\\/boxeur-pro.fr\\\/pt\\\/#organization\",\"name\":\"Boxeur PRO\",\"url\":\"https:\\\/\\\/boxeur-pro.fr\\\/pt\\\/\",\"logo\":{\"@type\":\"ImageObject\",\"inLanguage\":\"pt-PT\",\"@id\":\"https:\\\/\\\/boxeur-pro.fr\\\/pt\\\/#\\\/schema\\\/logo\\\/image\\\/\",\"url\":\"https:\\\/\\\/boxeur-pro.fr\\\/wp-content\\\/uploads\\\/2024\\\/01\\\/LogoBoxeurProTransparent-1.png\",\"contentUrl\":\"https:\\\/\\\/boxeur-pro.fr\\\/wp-content\\\/uploads\\\/2024\\\/01\\\/LogoBoxeurProTransparent-1.png\",\"width\":709,\"height\":800,\"caption\":\"Boxeur PRO\"},\"image\":{\"@id\":\"https:\\\/\\\/boxeur-pro.fr\\\/pt\\\/#\\\/schema\\\/logo\\\/image\\\/\"}}]}<\/script>\n<!-- \/ Yoast SEO plugin. -->","yoast_head_json":{"title":"Sobre n\u00f3s - Boxeur PRO","description":"Descubra o excitante mundo do boxe no nosso blogue - desde t\u00e9cnicas b\u00e1sicas a estrat\u00e9gias avan\u00e7adas, dicas de treino e muito mais.","robots":{"index":"index","follow":"follow","max-snippet":"max-snippet:-1","max-image-preview":"max-image-preview:large","max-video-preview":"max-video-preview:-1"},"canonical":"https:\/\/boxeur-pro.fr\/pt\/a-propos\/","og_locale":"pt_PT","og_type":"article","og_title":"\u00c0 propos - Boxeur PRO","og_description":"D\u00e9couvrez le monde passionnant de la boxe sur notre blog - des techniques de base aux strat\u00e9gies avanc\u00e9es, conseils d'entra\u00eenement","og_url":"https:\/\/boxeur-pro.fr\/pt\/a-propos\/","og_site_name":"Boxeur PRO","article_modified_time":"2024-01-22T09:57:46+00:00","twitter_card":"summary_large_image","twitter_misc":{"Tempo estimado de leitura":"3 minutos"},"schema":{"@context":"https:\/\/schema.org","@graph":[{"@type":"WebPage","@id":"https:\/\/boxeur-pro.fr\/pt\/a-propos\/","url":"https:\/\/boxeur-pro.fr\/pt\/a-propos\/","name":"Sobre n\u00f3s - Boxeur PRO","isPartOf":{"@id":"https:\/\/boxeur-pro.fr\/pt\/#website"},"datePublished":"2022-03-28T18:29:05+00:00","dateModified":"2024-01-22T09:57:46+00:00","description":"Descubra o excitante mundo do boxe no nosso blogue - desde t\u00e9cnicas b\u00e1sicas a estrat\u00e9gias avan\u00e7adas, dicas de treino e muito mais.","breadcrumb":{"@id":"https:\/\/boxeur-pro.fr\/pt\/a-propos\/#breadcrumb"},"inLanguage":"pt-PT","potentialAction":[{"@type":"ReadAction","target":["https:\/\/boxeur-pro.fr\/pt\/a-propos\/"]}]},{"@type":"BreadcrumbList","@id":"https:\/\/boxeur-pro.fr\/pt\/a-propos\/#breadcrumb","itemListElement":[{"@type":"ListItem","position":1,"name":"Accueil","item":"https:\/\/boxeur-pro.fr\/"},{"@type":"ListItem","position":2,"name":"\u00c0 propos"}]},{"@type":"WebSite","@id":"https:\/\/boxeur-pro.fr\/pt\/#website","url":"https:\/\/boxeur-pro.fr\/pt\/","name":"Boxer PRO","description":"","publisher":{"@id":"https:\/\/boxeur-pro.fr\/pt\/#organization"},"potentialAction":[{"@type":"SearchAction","target":{"@type":"EntryPoint","urlTemplate":"https:\/\/boxeur-pro.fr\/pt\/?s={search_term_string}"},"query-input":{"@type":"PropertyValueSpecification","valueRequired":true,"valueName":"search_term_string"}}],"inLanguage":"pt-PT"},{"@type":"Organization","@id":"https:\/\/boxeur-pro.fr\/pt\/#organization","name":"Boxer PRO","url":"https:\/\/boxeur-pro.fr\/pt\/","logo":{"@type":"ImageObject","inLanguage":"pt-PT","@id":"https:\/\/boxeur-pro.fr\/pt\/#\/schema\/logo\/image\/","url":"https:\/\/boxeur-pro.fr\/wp-content\/uploads\/2024\/01\/LogoBoxeurProTransparent-1.png","contentUrl":"https:\/\/boxeur-pro.fr\/wp-content\/uploads\/2024\/01\/LogoBoxeurProTransparent-1.png","width":709,"height":800,"caption":"Boxeur PRO"},"image":{"@id":"https:\/\/boxeur-pro.fr\/pt\/#\/schema\/logo\/image\/"}}]}},"_links":{"self":[{"href":"https:\/\/boxeur-pro.fr\/pt\/wp-json\/wp\/v2\/pages\/45","targetHints":{"allow":["GET"]}}],"collection":[{"href":"https:\/\/boxeur-pro.fr\/pt\/wp-json\/wp\/v2\/pages"}],"about":[{"href":"https:\/\/boxeur-pro.fr\/pt\/wp-json\/wp\/v2\/types\/page"}],"author":[{"embeddable":true,"href":"https:\/\/boxeur-pro.fr\/pt\/wp-json\/wp\/v2\/users\/2"}],"replies":[{"embeddable":true,"href":"https:\/\/boxeur-pro.fr\/pt\/wp-json\/wp\/v2\/comments?post=45"}],"version-history":[{"count":7,"href":"https:\/\/boxeur-pro.fr\/pt\/wp-json\/wp\/v2\/pages\/45\/revisions"}],"predecessor-version":[{"id":1226,"href":"https:\/\/boxeur-pro.fr\/pt\/wp-json\/wp\/v2\/pages\/45\/revisions\/1226"}],"wp:attachment":[{"href":"https:\/\/boxeur-pro.fr\/pt\/wp-json\/wp\/v2\/media?parent=45"}],"curies":[{"name":"wp","href":"https:\/\/api.w.org\/{rel}","templated":true}]}}